{"id":43,"date":"2025-07-03T15:40:06","date_gmt":"2025-07-03T15:40:06","guid":{"rendered":"https:\/\/artencost.rkinformatika.online\/?page_id=43"},"modified":"2025-07-04T10:24:10","modified_gmt":"2025-07-04T10:24:10","slug":"servicios","status":"publish","type":"page","link":"https:\/\/artencost.com\/eu\/servicios\/","title":{"rendered":"Zerbitzuak"},"content":{"rendered":"<div data-elementor-type=\"wp-page\" data-elementor-id=\"43\" class=\"elementor elementor-43\" data-elementor-post-type=\"page\">\n\t\t\t\t<div class=\"elementor-element elementor-element-4e523b7 e-con-full e-flex e-con e-parent\" data-id=\"4e523b7\" data-element_type=\"container\" data-e-type=\"container\" data-settings=\"{&quot;background_background&quot;:&quot;classic&quot;}\">\n\t\t\t\t<\/div>\n\t\t<div class=\"elementor-element elementor-element-2307379c e-flex e-con-boxed e-con e-parent\" data-id=\"2307379c\" data-element_type=\"container\" data-e-type=\"container\">\n\t\t\t\t\t<div class=\"e-con-inner\">\n\t\t\t\t<div class=\"elementor-element elementor-element-510591c elementor-widget elementor-widget-heading\" data-id=\"510591c\" data-element_type=\"widget\" data-e-type=\"widget\" data-widget_type=\"heading.default\">\n\t\t\t\t\t<h2 class=\"elementor-heading-title elementor-size-default\">Zerbitzuak<\/h2>\t\t\t\t<\/div>\n\t\t\t\t<div class=\"elementor-element elementor-element-18bb2dbe elementor-widget elementor-widget-text-editor\" data-id=\"18bb2dbe\" data-element_type=\"widget\" data-e-type=\"widget\" data-widget_type=\"text-editor.default\">\n\t\t\t\t\t\t\t\t\t<div class=\"rich-text__text rte\"><p data-start=\"202\" data-end=\"271\">\ud83e\uddf7 <strong data-start=\"1687\" data-end=\"1739\">Cursos, Venta y Reparaci\u00f3n<\/strong><\/p><\/div>\t\t\t\t\t\t\t\t<\/div>\n\t\t\t\t\t<\/div>\n\t\t\t\t<\/div>\n\t\t<div class=\"elementor-element elementor-element-718beff2 e-flex e-con-boxed e-con e-parent\" data-id=\"718beff2\" data-element_type=\"container\" data-e-type=\"container\">\n\t\t\t\t\t<div class=\"e-con-inner\">\n\t\t<div class=\"elementor-element elementor-element-440876b6 e-con-full e-flex e-con e-child\" data-id=\"440876b6\" data-element_type=\"container\" data-e-type=\"container\">\n\t\t\t\t<div class=\"elementor-element elementor-element-4ee52a64 elementor-widget elementor-widget-image\" data-id=\"4ee52a64\" data-element_type=\"widget\" data-e-type=\"widget\" data-widget_type=\"image.default\">\n\t\t\t\t\t\t\t\t\t\t\t\t\t\t\t<img fetchpriority=\"high\" decoding=\"async\" width=\"1024\" height=\"1024\" src=\"https:\/\/artencost.com\/wp-content\/uploads\/2025\/07\/a_modern_sewing_classroom_with_several_women_of_different_ages_smiling_and_working_at_their_sewing__1n01otoelnmptwnogbg8_3.png\" class=\"attachment-full size-full wp-image-254\" alt=\"\" srcset=\"https:\/\/artencost.com\/wp-content\/uploads\/2025\/07\/a_modern_sewing_classroom_with_several_women_of_different_ages_smiling_and_working_at_their_sewing__1n01otoelnmptwnogbg8_3.png 1024w, https:\/\/artencost.com\/wp-content\/uploads\/2025\/07\/a_modern_sewing_classroom_with_several_women_of_different_ages_smiling_and_working_at_their_sewing__1n01otoelnmptwnogbg8_3-300x300.png 300w, https:\/\/artencost.com\/wp-content\/uploads\/2025\/07\/a_modern_sewing_classroom_with_several_women_of_different_ages_smiling_and_working_at_their_sewing__1n01otoelnmptwnogbg8_3-150x150.png 150w, https:\/\/artencost.com\/wp-content\/uploads\/2025\/07\/a_modern_sewing_classroom_with_several_women_of_different_ages_smiling_and_working_at_their_sewing__1n01otoelnmptwnogbg8_3-768x768.png 768w, https:\/\/artencost.com\/wp-content\/uploads\/2025\/07\/a_modern_sewing_classroom_with_several_women_of_different_ages_smiling_and_working_at_their_sewing__1n01otoelnmptwnogbg8_3-12x12.png 12w\" sizes=\"(max-width: 1024px) 100vw, 1024px\" \/>\t\t\t\t\t\t\t\t\t\t\t\t\t\t\t<\/div>\n\t\t\t\t<div class=\"elementor-element elementor-element-77c50678 elementor-widget elementor-widget-heading\" data-id=\"77c50678\" data-element_type=\"widget\" data-e-type=\"widget\" data-widget_type=\"heading.default\">\n\t\t\t\t\t<h2 class=\"elementor-heading-title elementor-size-default\">\ud83c\udf93 \"Formaci\u00f3n Integral en Moda: De Principiante a Profesional\"<\/h2>\t\t\t\t<\/div>\n\t\t\t\t<div class=\"elementor-element elementor-element-21457139 elementor-widget elementor-widget-text-editor\" data-id=\"21457139\" data-element_type=\"widget\" data-e-type=\"widget\" data-widget_type=\"text-editor.default\">\n\t\t\t\t\t\t\t\t\t<p><strong>\ud83d\udd38 Formaci\u00f3n Completa en Moda y Costura<\/strong><\/p><p data-start=\"1786\" data-end=\"1952\">En nuestra academia encontrar\u00e1s cursos para todos los niveles \u2014desde principiantes hasta avanzados\u2014 con contenidos actualizados y una metodolog\u00eda totalmente pr\u00e1ctica:<\/p><ul data-start=\"1954\" data-end=\"2172\"><li data-start=\"1954\" data-end=\"1988\"><p data-start=\"1956\" data-end=\"1988\"><strong data-start=\"1956\" data-end=\"1988\">Cursos de Corte y Confecci\u00f3n<\/strong><\/p><\/li><li data-start=\"1989\" data-end=\"2022\"><p data-start=\"1991\" data-end=\"2022\"><strong data-start=\"1991\" data-end=\"2022\">Patronaje b\u00e1sico y avanzado<\/strong><\/p><\/li><li data-start=\"2023\" data-end=\"2073\"><p data-start=\"2025\" data-end=\"2073\"><strong data-start=\"2025\" data-end=\"2073\">Cursos de costura por niveles o por proyecto<\/strong><\/p><\/li><li data-start=\"2074\" data-end=\"2101\"><p data-start=\"2076\" data-end=\"2101\"><strong data-start=\"2076\" data-end=\"2101\">MasterClass tem\u00e1ticas<\/strong><\/p><\/li><li data-start=\"2102\" data-end=\"2140\"><p data-start=\"2104\" data-end=\"2140\"><strong data-start=\"2104\" data-end=\"2140\">Cursos personalizados y a medida<\/strong><\/p><\/li><li data-start=\"2141\" data-end=\"2172\"><p data-start=\"2143\" data-end=\"2172\"><strong data-start=\"2143\" data-end=\"2172\">Bonos de clases flexibles<\/strong><\/p><\/li><\/ul><p data-start=\"2174\" data-end=\"2338\"><strong data-start=\"2174\" data-end=\"2218\">\ud83d\udd38 Ense\u00f1anza con enfoque pr\u00e1ctico y real<\/strong><br \/>Aprende cosiendo prendas reales, con acompa\u00f1amiento constante, en grupos reducidos y en un entorno familiar y creativo.<\/p><h3 data-start=\"252\" data-end=\"273\">\u00a0<\/h3>\t\t\t\t\t\t\t\t<\/div>\n\t\t\t\t<\/div>\n\t\t<div class=\"elementor-element elementor-element-3a66cb4c e-con-full e-flex e-con e-child\" data-id=\"3a66cb4c\" data-element_type=\"container\" data-e-type=\"container\">\n\t\t\t\t<div class=\"elementor-element elementor-element-101b4cdc elementor-widget elementor-widget-image\" data-id=\"101b4cdc\" data-element_type=\"widget\" data-e-type=\"widget\" data-widget_type=\"image.default\">\n\t\t\t\t\t\t\t\t\t\t\t\t\t\t\t<img decoding=\"async\" width=\"1024\" height=\"1024\" src=\"https:\/\/artencost.com\/wp-content\/uploads\/2025\/07\/a_well-lit_sewing_equipment_shop_with_rows_of_sewing_machines_overlock_machines_and_coverstitch_mac_92ptvu0mw18nsup86km6_0.png\" class=\"attachment-full size-full wp-image-255\" alt=\"\" srcset=\"https:\/\/artencost.com\/wp-content\/uploads\/2025\/07\/a_well-lit_sewing_equipment_shop_with_rows_of_sewing_machines_overlock_machines_and_coverstitch_mac_92ptvu0mw18nsup86km6_0.png 1024w, https:\/\/artencost.com\/wp-content\/uploads\/2025\/07\/a_well-lit_sewing_equipment_shop_with_rows_of_sewing_machines_overlock_machines_and_coverstitch_mac_92ptvu0mw18nsup86km6_0-300x300.png 300w, https:\/\/artencost.com\/wp-content\/uploads\/2025\/07\/a_well-lit_sewing_equipment_shop_with_rows_of_sewing_machines_overlock_machines_and_coverstitch_mac_92ptvu0mw18nsup86km6_0-150x150.png 150w, https:\/\/artencost.com\/wp-content\/uploads\/2025\/07\/a_well-lit_sewing_equipment_shop_with_rows_of_sewing_machines_overlock_machines_and_coverstitch_mac_92ptvu0mw18nsup86km6_0-768x768.png 768w, https:\/\/artencost.com\/wp-content\/uploads\/2025\/07\/a_well-lit_sewing_equipment_shop_with_rows_of_sewing_machines_overlock_machines_and_coverstitch_mac_92ptvu0mw18nsup86km6_0-12x12.png 12w\" sizes=\"(max-width: 1024px) 100vw, 1024px\" \/>\t\t\t\t\t\t\t\t\t\t\t\t\t\t\t<\/div>\n\t\t\t\t<div class=\"elementor-element elementor-element-3ca8e2df elementor-widget elementor-widget-heading\" data-id=\"3ca8e2df\" data-element_type=\"widget\" data-e-type=\"widget\" data-widget_type=\"heading.default\">\n\t\t\t\t\t<h2 class=\"elementor-heading-title elementor-size-default\">\ud83e\uddf5 Venta y Servicio T\u00e9cnico de M\u00e1quinas de Coser<\/h2>\t\t\t\t<\/div>\n\t\t\t\t<div class=\"elementor-element elementor-element-237cc97 elementor-widget elementor-widget-text-editor\" data-id=\"237cc97\" data-element_type=\"widget\" data-e-type=\"widget\" data-widget_type=\"text-editor.default\">\n\t\t\t\t\t\t\t\t\t<p data-start=\"196\" data-end=\"365\">Ofrecemos una cuidada selecci\u00f3n de <strong data-start=\"231\" data-end=\"281\">m\u00e1quinas de coser, remalladoras y recubridoras<\/strong>, tanto dom\u00e9sticas como profesionales, ideales para todos los niveles y necesidades.<\/p><p data-start=\"367\" data-end=\"593\">Adem\u00e1s, contamos con un <strong data-start=\"391\" data-end=\"425\">servicio t\u00e9cnico especializado<\/strong>, con m\u00e1s de 30 a\u00f1os de experiencia en mantenimiento, ajustes y reparaciones.<br data-start=\"502\" data-end=\"505\" \/>Trabajamos con <strong data-start=\"520\" data-end=\"544\">repuestos originales<\/strong> y brindamos garant\u00eda en todos nuestros trabajos.<\/p><p data-start=\"595\" data-end=\"708\">Recibe <strong data-start=\"602\" data-end=\"633\">asesoramiento personalizado<\/strong> antes y despu\u00e9s de tu compra, para que tu inversi\u00f3n sea segura y duradera.<\/p><p data-start=\"710\" data-end=\"777\"><strong data-start=\"710\" data-end=\"777\">M\u00e1quinas de calidad, soporte profesional y confianza asegurada.<\/strong><\/p>\t\t\t\t\t\t\t\t<\/div>\n\t\t\t\t<\/div>\n\t\t\t\t\t<\/div>\n\t\t\t\t<\/div>\n\t\t<div class=\"elementor-element elementor-element-746f08ff e-flex e-con-boxed e-con e-parent\" data-id=\"746f08ff\" data-element_type=\"container\" data-e-type=\"container\">\n\t\t\t\t\t<div class=\"e-con-inner\">\n\t\t<div class=\"elementor-element elementor-element-1fdab021 e-con-full e-flex e-con e-child\" data-id=\"1fdab021\" data-element_type=\"container\" data-e-type=\"container\">\n\t\t\t\t<div class=\"elementor-element elementor-element-565c0ea elementor-widget elementor-widget-image\" data-id=\"565c0ea\" data-element_type=\"widget\" data-e-type=\"widget\" data-widget_type=\"image.default\">\n\t\t\t\t\t\t\t\t\t\t\t\t\t\t\t<img decoding=\"async\" width=\"800\" height=\"800\" src=\"https:\/\/artencost.com\/wp-content\/uploads\/2025\/07\/a_close-up_of_a_skilled_technicians_hands_working_on_the_internal_mechanism_of_a_sewing_machine_the_6yvpx3zr20u4yzk663eg_3.png\" class=\"attachment-large size-large wp-image-263\" alt=\"\" srcset=\"https:\/\/artencost.com\/wp-content\/uploads\/2025\/07\/a_close-up_of_a_skilled_technicians_hands_working_on_the_internal_mechanism_of_a_sewing_machine_the_6yvpx3zr20u4yzk663eg_3.png 1024w, https:\/\/artencost.com\/wp-content\/uploads\/2025\/07\/a_close-up_of_a_skilled_technicians_hands_working_on_the_internal_mechanism_of_a_sewing_machine_the_6yvpx3zr20u4yzk663eg_3-300x300.png 300w, https:\/\/artencost.com\/wp-content\/uploads\/2025\/07\/a_close-up_of_a_skilled_technicians_hands_working_on_the_internal_mechanism_of_a_sewing_machine_the_6yvpx3zr20u4yzk663eg_3-150x150.png 150w, https:\/\/artencost.com\/wp-content\/uploads\/2025\/07\/a_close-up_of_a_skilled_technicians_hands_working_on_the_internal_mechanism_of_a_sewing_machine_the_6yvpx3zr20u4yzk663eg_3-768x768.png 768w, https:\/\/artencost.com\/wp-content\/uploads\/2025\/07\/a_close-up_of_a_skilled_technicians_hands_working_on_the_internal_mechanism_of_a_sewing_machine_the_6yvpx3zr20u4yzk663eg_3-12x12.png 12w\" sizes=\"(max-width: 800px) 100vw, 800px\" \/>\t\t\t\t\t\t\t\t\t\t\t\t\t\t\t<\/div>\n\t\t\t\t<div class=\"elementor-element elementor-element-5fec0f9f elementor-widget elementor-widget-heading\" data-id=\"5fec0f9f\" data-element_type=\"widget\" data-e-type=\"widget\" data-widget_type=\"heading.default\">\n\t\t\t\t\t<h2 class=\"elementor-heading-title elementor-size-default\">\ud83d\udd27 Reparaci\u00f3n con garant\u00eda<\/h2>\t\t\t\t<\/div>\n\t\t\t\t<div class=\"elementor-element elementor-element-384cb0b9 elementor-widget elementor-widget-text-editor\" data-id=\"384cb0b9\" data-element_type=\"widget\" data-e-type=\"widget\" data-widget_type=\"text-editor.default\">\n\t\t\t\t\t\t\t\t\t<p data-start=\"197\" data-end=\"388\">Nuestro servicio t\u00e9cnico especializado cuenta con m\u00e1s de 30 a\u00f1os de experiencia en la reparaci\u00f3n y mantenimiento de m\u00e1quinas de coser dom\u00e9sticas e industriales, remalladoras y recubridoras.<\/p><p data-start=\"390\" data-end=\"556\">Realizamos diagn\u00f3sticos precisos, utilizamos <strong data-start=\"435\" data-end=\"459\">repuestos originales<\/strong> y garantizamos cada reparaci\u00f3n, ofreciendo un servicio r\u00e1pido, seguro y con total transparencia.<\/p><p data-start=\"558\" data-end=\"722\">Sabemos lo importante que es tu m\u00e1quina para ti, por eso tratamos cada equipo como si fuera nuestro, asegurando un funcionamiento \u00f3ptimo y prolongando su vida \u00fatil.<\/p><p data-start=\"724\" data-end=\"881\">\u2705 Diagn\u00f3stico profesional<br data-start=\"749\" data-end=\"752\" \/>\u2705 Reparaciones con repuestos originales<br data-start=\"791\" data-end=\"794\" \/>\u2705 Garant\u00eda incluida en todos los trabajos<br data-start=\"835\" data-end=\"838\" \/>\u2705 Servicio \u00e1gil y con trato personalizado<\/p><p data-start=\"883\" data-end=\"961\"><strong data-start=\"883\" data-end=\"961\">Reparamos, cuidamos y devolvemos la confianza a tu herramienta de trabajo.<\/strong><\/p>\t\t\t\t\t\t\t\t<\/div>\n\t\t\t\t<\/div>\n\t\t<div class=\"elementor-element elementor-element-4a530592 e-con-full e-flex e-con e-child\" data-id=\"4a530592\" data-element_type=\"container\" data-e-type=\"container\">\n\t\t\t\t<div class=\"elementor-element elementor-element-7d8ef7e3 elementor-widget elementor-widget-image\" data-id=\"7d8ef7e3\" data-element_type=\"widget\" data-e-type=\"widget\" data-widget_type=\"image.default\">\n\t\t\t\t\t\t\t\t\t\t\t\t\t\t\t<img loading=\"lazy\" decoding=\"async\" width=\"800\" height=\"800\" src=\"https:\/\/artencost.com\/wp-content\/uploads\/2025\/07\/a_sewing_shop_display_dedicated_to_machine_accessories_and_replacement_parts_shelves_and_pegboards__qxbyrpg83a56cnim7fgo_3.png\" class=\"attachment-large size-large wp-image-268\" alt=\"\" srcset=\"https:\/\/artencost.com\/wp-content\/uploads\/2025\/07\/a_sewing_shop_display_dedicated_to_machine_accessories_and_replacement_parts_shelves_and_pegboards__qxbyrpg83a56cnim7fgo_3.png 1024w, https:\/\/artencost.com\/wp-content\/uploads\/2025\/07\/a_sewing_shop_display_dedicated_to_machine_accessories_and_replacement_parts_shelves_and_pegboards__qxbyrpg83a56cnim7fgo_3-300x300.png 300w, https:\/\/artencost.com\/wp-content\/uploads\/2025\/07\/a_sewing_shop_display_dedicated_to_machine_accessories_and_replacement_parts_shelves_and_pegboards__qxbyrpg83a56cnim7fgo_3-150x150.png 150w, https:\/\/artencost.com\/wp-content\/uploads\/2025\/07\/a_sewing_shop_display_dedicated_to_machine_accessories_and_replacement_parts_shelves_and_pegboards__qxbyrpg83a56cnim7fgo_3-768x768.png 768w, https:\/\/artencost.com\/wp-content\/uploads\/2025\/07\/a_sewing_shop_display_dedicated_to_machine_accessories_and_replacement_parts_shelves_and_pegboards__qxbyrpg83a56cnim7fgo_3-12x12.png 12w\" sizes=\"(max-width: 800px) 100vw, 800px\" \/>\t\t\t\t\t\t\t\t\t\t\t\t\t\t\t<\/div>\n\t\t\t\t<div class=\"elementor-element elementor-element-3e881579 elementor-widget elementor-widget-heading\" data-id=\"3e881579\" data-element_type=\"widget\" data-e-type=\"widget\" data-widget_type=\"heading.default\">\n\t\t\t\t\t<h2 class=\"elementor-heading-title elementor-size-default\">\ud83e\udea1 Venta de Accesorios y Repuestos<\/h2>\t\t\t\t<\/div>\n\t\t\t\t<div class=\"elementor-element elementor-element-26108633 elementor-widget elementor-widget-text-editor\" data-id=\"26108633\" data-element_type=\"widget\" data-e-type=\"widget\" data-widget_type=\"text-editor.default\">\n\t\t\t\t\t\t\t\t\t<p data-start=\"175\" data-end=\"248\">Todo lo que tu m\u00e1quina necesita para funcionar al 100%, en un solo lugar.<\/p><p data-start=\"250\" data-end=\"436\">Disponemos de una amplia gama de <strong data-start=\"283\" data-end=\"357\">agujas, prensatelas, correas, aceite lubricante y repuestos originales<\/strong> para m\u00e1quinas de coser dom\u00e9sticas e industriales, remalladoras y recubridoras.<\/p><p data-start=\"438\" data-end=\"579\">Nuestros accesorios han sido cuidadosamente seleccionados por profesionales del sector, asegurando <strong data-start=\"537\" data-end=\"578\">compatibilidad, durabilidad y calidad<\/strong>.<\/p><p data-start=\"581\" data-end=\"715\">Adem\u00e1s, ofrecemos <strong data-start=\"599\" data-end=\"630\">asesoramiento personalizado<\/strong> para que encuentres justo lo que necesitas, con stock disponible y atenci\u00f3n cercana.<\/p><p data-start=\"717\" data-end=\"777\"><strong data-start=\"717\" data-end=\"777\">Tu m\u00e1quina bien equipada, tu costura sin interrupciones.<\/strong><\/p>\t\t\t\t\t\t\t\t<\/div>\n\t\t\t\t<\/div>\n\t\t\t\t\t<\/div>\n\t\t\t\t<\/div>\n\t\t\t\t<\/div>","protected":false},"excerpt":{"rendered":"<p>Servicios \ud83e\uddf7 Cursos, Venta y Reparaci\u00f3n \ud83c\udf93 \u00abFormaci\u00f3n Integral en Moda: De Principiante a Profesional\u00bb \ud83d\udd38 Formaci\u00f3n Completa en Moda y Costura En nuestra academia encontrar\u00e1s cursos para todos los niveles \u2014desde principiantes hasta avanzados\u2014 con contenidos actualizados y una metodolog\u00eda totalmente pr\u00e1ctica: Cursos de Corte y Confecci\u00f3n Patronaje b\u00e1sico y avanzado Cursos de costura [&hellip;]<\/p>\n","protected":false},"author":1,"featured_media":0,"parent":0,"menu_order":0,"comment_status":"closed","ping_status":"closed","template":"","meta":{"footnotes":""},"class_list":["post-43","page","type-page","status-publish","hentry"],"yoast_head":"<!-- This site is optimized with the Yoast SEO plugin v27.5 - https:\/\/yoast.com\/product\/yoast-seo-wordpress\/ -->\n<title>Servicios - ArtenCost<\/title>\n<meta name=\"robots\" content=\"index, follow, max-snippet:-1, max-image-preview:large, max-video-preview:-1\" \/>\n<link rel=\"canonical\" href=\"https:\/\/artencost.com\/eu\/servicios\/\" \/>\n<meta property=\"og:locale\" content=\"en_US\" \/>\n<meta property=\"og:type\" content=\"article\" \/>\n<meta property=\"og:title\" content=\"Servicios - ArtenCost\" \/>\n<meta property=\"og:description\" content=\"Servicios \ud83e\uddf7 Cursos, Venta y Reparaci\u00f3n \ud83c\udf93 \u00abFormaci\u00f3n Integral en Moda: De Principiante a Profesional\u00bb \ud83d\udd38 Formaci\u00f3n Completa en Moda y Costura En nuestra academia encontrar\u00e1s cursos para todos los niveles \u2014desde principiantes hasta avanzados\u2014 con contenidos actualizados y una metodolog\u00eda totalmente pr\u00e1ctica: Cursos de Corte y Confecci\u00f3n Patronaje b\u00e1sico y avanzado Cursos de costura [&hellip;]\" \/>\n<meta property=\"og:url\" content=\"https:\/\/artencost.com\/eu\/servicios\/\" \/>\n<meta property=\"og:site_name\" content=\"ArtenCost\" \/>\n<meta property=\"article:modified_time\" content=\"2025-07-04T10:24:10+00:00\" \/>\n<meta property=\"og:image\" content=\"https:\/\/artencost.com\/wp-content\/uploads\/2025\/07\/a_modern_sewing_classroom_with_several_women_of_different_ages_smiling_and_working_at_their_sewing__1n01otoelnmptwnogbg8_3.png\" \/>\n<meta name=\"twitter:card\" content=\"summary_large_image\" \/>\n<meta name=\"twitter:label1\" content=\"Est. reading time\" \/>\n\t<meta name=\"twitter:data1\" content=\"2 minutua\" \/>\n<script type=\"application\/ld+json\" class=\"yoast-schema-graph\">{\"@context\":\"https:\\\/\\\/schema.org\",\"@graph\":[{\"@type\":\"WebPage\",\"@id\":\"https:\\\/\\\/artencost.com\\\/servicios\\\/\",\"url\":\"https:\\\/\\\/artencost.com\\\/servicios\\\/\",\"name\":\"Servicios - ArtenCost\",\"isPartOf\":{\"@id\":\"https:\\\/\\\/artencost.com\\\/#website\"},\"primaryImageOfPage\":{\"@id\":\"https:\\\/\\\/artencost.com\\\/servicios\\\/#primaryimage\"},\"image\":{\"@id\":\"https:\\\/\\\/artencost.com\\\/servicios\\\/#primaryimage\"},\"thumbnailUrl\":\"https:\\\/\\\/artencost.com\\\/wp-content\\\/uploads\\\/2025\\\/07\\\/a_modern_sewing_classroom_with_several_women_of_different_ages_smiling_and_working_at_their_sewing__1n01otoelnmptwnogbg8_3.png\",\"datePublished\":\"2025-07-03T15:40:06+00:00\",\"dateModified\":\"2025-07-04T10:24:10+00:00\",\"breadcrumb\":{\"@id\":\"https:\\\/\\\/artencost.com\\\/servicios\\\/#breadcrumb\"},\"inLanguage\":\"eu\",\"potentialAction\":[{\"@type\":\"ReadAction\",\"target\":[\"https:\\\/\\\/artencost.com\\\/servicios\\\/\"]}]},{\"@type\":\"ImageObject\",\"inLanguage\":\"eu\",\"@id\":\"https:\\\/\\\/artencost.com\\\/servicios\\\/#primaryimage\",\"url\":\"https:\\\/\\\/artencost.com\\\/wp-content\\\/uploads\\\/2025\\\/07\\\/a_modern_sewing_classroom_with_several_women_of_different_ages_smiling_and_working_at_their_sewing__1n01otoelnmptwnogbg8_3.png\",\"contentUrl\":\"https:\\\/\\\/artencost.com\\\/wp-content\\\/uploads\\\/2025\\\/07\\\/a_modern_sewing_classroom_with_several_women_of_different_ages_smiling_and_working_at_their_sewing__1n01otoelnmptwnogbg8_3.png\"},{\"@type\":\"BreadcrumbList\",\"@id\":\"https:\\\/\\\/artencost.com\\\/servicios\\\/#breadcrumb\",\"itemListElement\":[{\"@type\":\"ListItem\",\"position\":1,\"name\":\"Portada\",\"item\":\"https:\\\/\\\/artencost.com\\\/\"},{\"@type\":\"ListItem\",\"position\":2,\"name\":\"Servicios\"}]},{\"@type\":\"WebSite\",\"@id\":\"https:\\\/\\\/artencost.com\\\/#website\",\"url\":\"https:\\\/\\\/artencost.com\\\/\",\"name\":\"ArtenCost\",\"description\":\"\",\"publisher\":{\"@id\":\"https:\\\/\\\/artencost.com\\\/#organization\"},\"potentialAction\":[{\"@type\":\"SearchAction\",\"target\":{\"@type\":\"EntryPoint\",\"urlTemplate\":\"https:\\\/\\\/artencost.com\\\/?s={search_term_string}\"},\"query-input\":{\"@type\":\"PropertyValueSpecification\",\"valueRequired\":true,\"valueName\":\"search_term_string\"}}],\"inLanguage\":\"eu\"},{\"@type\":\"Organization\",\"@id\":\"https:\\\/\\\/artencost.com\\\/#organization\",\"name\":\"ArtenCost\",\"url\":\"https:\\\/\\\/artencost.com\\\/\",\"logo\":{\"@type\":\"ImageObject\",\"inLanguage\":\"eu\",\"@id\":\"https:\\\/\\\/artencost.com\\\/#\\\/schema\\\/logo\\\/image\\\/\",\"url\":\"https:\\\/\\\/artencost.com\\\/wp-content\\\/uploads\\\/2025\\\/07\\\/cropped-Artncost-Logo_Mesa-de-trabajo-1.png\",\"contentUrl\":\"https:\\\/\\\/artencost.com\\\/wp-content\\\/uploads\\\/2025\\\/07\\\/cropped-Artncost-Logo_Mesa-de-trabajo-1.png\",\"width\":1080,\"height\":1080,\"caption\":\"ArtenCost \"},\"image\":{\"@id\":\"https:\\\/\\\/artencost.com\\\/#\\\/schema\\\/logo\\\/image\\\/\"}}]}<\/script>\n<!-- \/ Yoast SEO plugin. -->","yoast_head_json":{"title":"Servicios - ArtenCost","robots":{"index":"index","follow":"follow","max-snippet":"max-snippet:-1","max-image-preview":"max-image-preview:large","max-video-preview":"max-video-preview:-1"},"canonical":"https:\/\/artencost.com\/eu\/servicios\/","og_locale":"en_US","og_type":"article","og_title":"Servicios - ArtenCost","og_description":"Servicios \ud83e\uddf7 Cursos, Venta y Reparaci\u00f3n \ud83c\udf93 \u00abFormaci\u00f3n Integral en Moda: De Principiante a Profesional\u00bb \ud83d\udd38 Formaci\u00f3n Completa en Moda y Costura En nuestra academia encontrar\u00e1s cursos para todos los niveles \u2014desde principiantes hasta avanzados\u2014 con contenidos actualizados y una metodolog\u00eda totalmente pr\u00e1ctica: Cursos de Corte y Confecci\u00f3n Patronaje b\u00e1sico y avanzado Cursos de costura [&hellip;]","og_url":"https:\/\/artencost.com\/eu\/servicios\/","og_site_name":"ArtenCost","article_modified_time":"2025-07-04T10:24:10+00:00","og_image":[{"url":"https:\/\/artencost.com\/wp-content\/uploads\/2025\/07\/a_modern_sewing_classroom_with_several_women_of_different_ages_smiling_and_working_at_their_sewing__1n01otoelnmptwnogbg8_3.png","type":"","width":"","height":""}],"twitter_card":"summary_large_image","twitter_misc":{"Est. reading time":"2 minutua"},"schema":{"@context":"https:\/\/schema.org","@graph":[{"@type":"WebPage","@id":"https:\/\/artencost.com\/servicios\/","url":"https:\/\/artencost.com\/servicios\/","name":"Servicios - ArtenCost","isPartOf":{"@id":"https:\/\/artencost.com\/#website"},"primaryImageOfPage":{"@id":"https:\/\/artencost.com\/servicios\/#primaryimage"},"image":{"@id":"https:\/\/artencost.com\/servicios\/#primaryimage"},"thumbnailUrl":"https:\/\/artencost.com\/wp-content\/uploads\/2025\/07\/a_modern_sewing_classroom_with_several_women_of_different_ages_smiling_and_working_at_their_sewing__1n01otoelnmptwnogbg8_3.png","datePublished":"2025-07-03T15:40:06+00:00","dateModified":"2025-07-04T10:24:10+00:00","breadcrumb":{"@id":"https:\/\/artencost.com\/servicios\/#breadcrumb"},"inLanguage":"eu","potentialAction":[{"@type":"ReadAction","target":["https:\/\/artencost.com\/servicios\/"]}]},{"@type":"ImageObject","inLanguage":"eu","@id":"https:\/\/artencost.com\/servicios\/#primaryimage","url":"https:\/\/artencost.com\/wp-content\/uploads\/2025\/07\/a_modern_sewing_classroom_with_several_women_of_different_ages_smiling_and_working_at_their_sewing__1n01otoelnmptwnogbg8_3.png","contentUrl":"https:\/\/artencost.com\/wp-content\/uploads\/2025\/07\/a_modern_sewing_classroom_with_several_women_of_different_ages_smiling_and_working_at_their_sewing__1n01otoelnmptwnogbg8_3.png"},{"@type":"BreadcrumbList","@id":"https:\/\/artencost.com\/servicios\/#breadcrumb","itemListElement":[{"@type":"ListItem","position":1,"name":"Portada","item":"https:\/\/artencost.com\/"},{"@type":"ListItem","position":2,"name":"Servicios"}]},{"@type":"WebSite","@id":"https:\/\/artencost.com\/#website","url":"https:\/\/artencost.com\/","name":"ArtenCost","description":"","publisher":{"@id":"https:\/\/artencost.com\/#organization"},"potentialAction":[{"@type":"SearchAction","target":{"@type":"EntryPoint","urlTemplate":"https:\/\/artencost.com\/?s={search_term_string}"},"query-input":{"@type":"PropertyValueSpecification","valueRequired":true,"valueName":"search_term_string"}}],"inLanguage":"eu"},{"@type":"Organization","@id":"https:\/\/artencost.com\/#organization","name":"ArtenCost","url":"https:\/\/artencost.com\/","logo":{"@type":"ImageObject","inLanguage":"eu","@id":"https:\/\/artencost.com\/#\/schema\/logo\/image\/","url":"https:\/\/artencost.com\/wp-content\/uploads\/2025\/07\/cropped-Artncost-Logo_Mesa-de-trabajo-1.png","contentUrl":"https:\/\/artencost.com\/wp-content\/uploads\/2025\/07\/cropped-Artncost-Logo_Mesa-de-trabajo-1.png","width":1080,"height":1080,"caption":"ArtenCost "},"image":{"@id":"https:\/\/artencost.com\/#\/schema\/logo\/image\/"}}]}},"_links":{"self":[{"href":"https:\/\/artencost.com\/eu\/wp-json\/wp\/v2\/pages\/43","targetHints":{"allow":["GET"]}}],"collection":[{"href":"https:\/\/artencost.com\/eu\/wp-json\/wp\/v2\/pages"}],"about":[{"href":"https:\/\/artencost.com\/eu\/wp-json\/wp\/v2\/types\/page"}],"author":[{"embeddable":true,"href":"https:\/\/artencost.com\/eu\/wp-json\/wp\/v2\/users\/1"}],"replies":[{"embeddable":true,"href":"https:\/\/artencost.com\/eu\/wp-json\/wp\/v2\/comments?post=43"}],"version-history":[{"count":16,"href":"https:\/\/artencost.com\/eu\/wp-json\/wp\/v2\/pages\/43\/revisions"}],"predecessor-version":[{"id":277,"href":"https:\/\/artencost.com\/eu\/wp-json\/wp\/v2\/pages\/43\/revisions\/277"}],"wp:attachment":[{"href":"https:\/\/artencost.com\/eu\/wp-json\/wp\/v2\/media?parent=43"}],"curies":[{"name":"wp","href":"https:\/\/api.w.org\/{rel}","templated":true}]}}