{"id":362,"date":"2025-09-26T13:44:42","date_gmt":"2025-09-26T13:44:42","guid":{"rendered":"https:\/\/artencost.com\/?post_type=product&#038;p=362"},"modified":"2025-09-26T13:46:44","modified_gmt":"2025-09-26T13:46:44","slug":"schmetz-5-agujas-para-maquinas-de-coser-universal-130705-h-grosor-659","status":"publish","type":"product","link":"https:\/\/artencost.com\/eu\/produktua\/schmetz-5-agujas-para-maquinas-de-coser-universal-130705-h-grosor-659\/","title":{"rendered":"SCHMETZ  5 Agujas para m\u00e1quinas de coser  Universal  130705 H  Grosor 659"},"content":{"rendered":"<p>CONTENIDO: 5 Agujas para m\u00e1quinas de coser | Universal | 130\/705 H | con cabo plano | Grosor 65\/9 | Se env\u00edan en un estuche para agujas de m\u00e1quina de coser<br \/>\nCARACTER\u00cdSTICA: La punta ligeramente redondeada garantiza que la mayor\u00eda de los materiales se puedan coser con cuidado y sin problemas, sin da\u00f1arlos<br \/>\nINDICADAS PARA LOS SIGUIENTES TEJIDOS\/MATERIALES: De uso universal para una gran variedad de tejidos\/materiales, desde la seda m\u00e1s fina hasta el pana m\u00e1s resistente<br \/>\nAPLICACI\u00d3N: Apto para todas las m\u00e1quinas de coser dom\u00e9sticas habituales (por ejemplo, Bernina, Pfaff, Elna, Brother, Juki, Janome, Singer, W6, etc.) | Larga vida \u00fatil gracias a su fabricaci\u00f3n de alta calidad<br \/>\nMARCACI\u00d3N DE COLOR DE SCHMETZ: Las agujas universales solo muestran la marca de color para indicar el grosor de la aguja = Gris en 65\/9<\/p>","protected":false},"excerpt":{"rendered":"<p>CONTENIDO: 5 Agujas para m\u00e1quinas de coser | Universal | 130\/705 H | con cabo plano | Grosor 65\/9 | Se env\u00edan en un estuche para agujas de m\u00e1quina de coser<br \/>\nCARACTER\u00cdSTICA: La punta ligeramente redondeada garantiza que la mayor\u00eda de los materiales se puedan coser con cuidado y sin problemas, sin da\u00f1arlos<br \/>\nINDICADAS PARA LOS SIGUIENTES TEJIDOS\/MATERIALES: De uso universal para una gran variedad de tejidos\/materiales, desde la seda m\u00e1s fina hasta el pana m\u00e1s resistente<br \/>\nAPLICACI\u00d3N: Apto para todas las m\u00e1quinas de coser dom\u00e9sticas habituales (por ejemplo, Bernina, Pfaff, Elna, Brother, Juki, Janome, Singer, W6, etc.) | Larga vida \u00fatil gracias a su fabricaci\u00f3n de alta calidad<br \/>\nMARCACI\u00d3N DE COLOR DE SCHMETZ: Las agujas universales solo muestran la marca de color para indicar el grosor de la aguja = Gris en 65\/9<\/p>","protected":false},"featured_media":363,"comment_status":"open","ping_status":"closed","template":"","meta":[],"product_brand":[],"product_cat":[21,24],"product_tag":[],"class_list":{"0":"post-362","1":"product","2":"type-product","3":"status-publish","4":"has-post-thumbnail","6":"product_cat-accesorios","7":"product_cat-agujas","9":"first","10":"instock","11":"shipping-taxable","12":"purchasable","13":"product-type-simple"},"yoast_head":"<!-- This site is optimized with the Yoast SEO plugin v27.5 - https:\/\/yoast.com\/product\/yoast-seo-wordpress\/ -->\n<title>SCHMETZ 5 Agujas para m\u00e1quinas de coser Universal 130705 H Grosor 659 - ArtenCost<\/title>\n<meta name=\"robots\" content=\"index, follow, max-snippet:-1, max-image-preview:large, max-video-preview:-1\" \/>\n<link rel=\"canonical\" href=\"https:\/\/artencost.com\/eu\/produktua\/schmetz-5-agujas-para-maquinas-de-coser-universal-130705-h-grosor-659\/\" \/>\n<meta property=\"og:locale\" content=\"en_US\" \/>\n<meta property=\"og:type\" content=\"article\" \/>\n<meta property=\"og:title\" content=\"SCHMETZ 5 Agujas para m\u00e1quinas de coser Universal 130705 H Grosor 659 - ArtenCost\" \/>\n<meta property=\"og:description\" content=\"CONTENIDO: 5 Agujas para m\u00e1quinas de coser | Universal | 130\/705 H | con cabo plano | Grosor 65\/9 | Se env\u00edan en un estuche para agujas de m\u00e1quina de coser CARACTER\u00cdSTICA: La punta ligeramente redondeada garantiza que la mayor\u00eda de los materiales se puedan coser con cuidado y sin problemas, sin da\u00f1arlos INDICADAS PARA LOS SIGUIENTES TEJIDOS\/MATERIALES: De uso universal para una gran variedad de tejidos\/materiales, desde la seda m\u00e1s fina hasta el pana m\u00e1s resistente APLICACI\u00d3N: Apto para todas las m\u00e1quinas de coser dom\u00e9sticas habituales (por ejemplo, Bernina, Pfaff, Elna, Brother, Juki, Janome, Singer, W6, etc.) | Larga vida \u00fatil gracias a su fabricaci\u00f3n de alta calidad MARCACI\u00d3N DE COLOR DE SCHMETZ: Las agujas universales solo muestran la marca de color para indicar el grosor de la aguja = Gris en 65\/9\" \/>\n<meta property=\"og:url\" content=\"https:\/\/artencost.com\/eu\/produktua\/schmetz-5-agujas-para-maquinas-de-coser-universal-130705-h-grosor-659\/\" \/>\n<meta property=\"og:site_name\" content=\"ArtenCost\" \/>\n<meta property=\"article:modified_time\" content=\"2025-09-26T13:46:44+00:00\" \/>\n<meta property=\"og:image\" content=\"https:\/\/artencost.com\/wp-content\/uploads\/2025\/09\/61wfKTbx18L._AC_SL1228_.jpg\" \/>\n\t<meta property=\"og:image:width\" content=\"871\" \/>\n\t<meta property=\"og:image:height\" content=\"1121\" \/>\n\t<meta property=\"og:image:type\" content=\"image\/jpeg\" \/>\n<meta name=\"twitter:card\" content=\"summary_large_image\" \/>\n<meta name=\"twitter:label1\" content=\"Est. reading time\" \/>\n\t<meta name=\"twitter:data1\" content=\"1 minutua\" \/>\n<script type=\"application\/ld+json\" class=\"yoast-schema-graph\">{\"@context\":\"https:\\\/\\\/schema.org\",\"@graph\":[{\"@type\":\"WebPage\",\"@id\":\"https:\\\/\\\/artencost.com\\\/producto\\\/schmetz-5-agujas-para-maquinas-de-coser-universal-130705-h-grosor-659\\\/\",\"url\":\"https:\\\/\\\/artencost.com\\\/producto\\\/schmetz-5-agujas-para-maquinas-de-coser-universal-130705-h-grosor-659\\\/\",\"name\":\"SCHMETZ 5 Agujas para m\u00e1quinas de coser Universal 130705 H Grosor 659 - ArtenCost\",\"isPartOf\":{\"@id\":\"https:\\\/\\\/artencost.com\\\/#website\"},\"primaryImageOfPage\":{\"@id\":\"https:\\\/\\\/artencost.com\\\/producto\\\/schmetz-5-agujas-para-maquinas-de-coser-universal-130705-h-grosor-659\\\/#primaryimage\"},\"image\":{\"@id\":\"https:\\\/\\\/artencost.com\\\/producto\\\/schmetz-5-agujas-para-maquinas-de-coser-universal-130705-h-grosor-659\\\/#primaryimage\"},\"thumbnailUrl\":\"https:\\\/\\\/artencost.com\\\/wp-content\\\/uploads\\\/2025\\\/09\\\/61wfKTbx18L._AC_SL1228_.jpg\",\"datePublished\":\"2025-09-26T13:44:42+00:00\",\"dateModified\":\"2025-09-26T13:46:44+00:00\",\"breadcrumb\":{\"@id\":\"https:\\\/\\\/artencost.com\\\/producto\\\/schmetz-5-agujas-para-maquinas-de-coser-universal-130705-h-grosor-659\\\/#breadcrumb\"},\"inLanguage\":\"eu\",\"potentialAction\":[{\"@type\":\"ReadAction\",\"target\":[\"https:\\\/\\\/artencost.com\\\/producto\\\/schmetz-5-agujas-para-maquinas-de-coser-universal-130705-h-grosor-659\\\/\"]}]},{\"@type\":\"ImageObject\",\"inLanguage\":\"eu\",\"@id\":\"https:\\\/\\\/artencost.com\\\/producto\\\/schmetz-5-agujas-para-maquinas-de-coser-universal-130705-h-grosor-659\\\/#primaryimage\",\"url\":\"https:\\\/\\\/artencost.com\\\/wp-content\\\/uploads\\\/2025\\\/09\\\/61wfKTbx18L._AC_SL1228_.jpg\",\"contentUrl\":\"https:\\\/\\\/artencost.com\\\/wp-content\\\/uploads\\\/2025\\\/09\\\/61wfKTbx18L._AC_SL1228_.jpg\",\"width\":871,\"height\":1121},{\"@type\":\"BreadcrumbList\",\"@id\":\"https:\\\/\\\/artencost.com\\\/producto\\\/schmetz-5-agujas-para-maquinas-de-coser-universal-130705-h-grosor-659\\\/#breadcrumb\",\"itemListElement\":[{\"@type\":\"ListItem\",\"position\":1,\"name\":\"Portada\",\"item\":\"https:\\\/\\\/artencost.com\\\/\"},{\"@type\":\"ListItem\",\"position\":2,\"name\":\"Tienda\",\"item\":\"https:\\\/\\\/artencost.com\\\/tienda\\\/\"},{\"@type\":\"ListItem\",\"position\":3,\"name\":\"SCHMETZ 5 Agujas para m\u00e1quinas de coser Universal 130705 H Grosor 659\"}]},{\"@type\":\"WebSite\",\"@id\":\"https:\\\/\\\/artencost.com\\\/#website\",\"url\":\"https:\\\/\\\/artencost.com\\\/\",\"name\":\"ArtenCost\",\"description\":\"\",\"publisher\":{\"@id\":\"https:\\\/\\\/artencost.com\\\/#organization\"},\"potentialAction\":[{\"@type\":\"SearchAction\",\"target\":{\"@type\":\"EntryPoint\",\"urlTemplate\":\"https:\\\/\\\/artencost.com\\\/?s={search_term_string}\"},\"query-input\":{\"@type\":\"PropertyValueSpecification\",\"valueRequired\":true,\"valueName\":\"search_term_string\"}}],\"inLanguage\":\"eu\"},{\"@type\":\"Organization\",\"@id\":\"https:\\\/\\\/artencost.com\\\/#organization\",\"name\":\"ArtenCost\",\"url\":\"https:\\\/\\\/artencost.com\\\/\",\"logo\":{\"@type\":\"ImageObject\",\"inLanguage\":\"eu\",\"@id\":\"https:\\\/\\\/artencost.com\\\/#\\\/schema\\\/logo\\\/image\\\/\",\"url\":\"https:\\\/\\\/artencost.com\\\/wp-content\\\/uploads\\\/2025\\\/07\\\/cropped-Artncost-Logo_Mesa-de-trabajo-1.png\",\"contentUrl\":\"https:\\\/\\\/artencost.com\\\/wp-content\\\/uploads\\\/2025\\\/07\\\/cropped-Artncost-Logo_Mesa-de-trabajo-1.png\",\"width\":1080,\"height\":1080,\"caption\":\"ArtenCost \"},\"image\":{\"@id\":\"https:\\\/\\\/artencost.com\\\/#\\\/schema\\\/logo\\\/image\\\/\"}}]}<\/script>\n<!-- \/ Yoast SEO plugin. -->","yoast_head_json":{"title":"SCHMETZ 5 Agujas para m\u00e1quinas de coser Universal 130705 H Grosor 659 - ArtenCost","robots":{"index":"index","follow":"follow","max-snippet":"max-snippet:-1","max-image-preview":"max-image-preview:large","max-video-preview":"max-video-preview:-1"},"canonical":"https:\/\/artencost.com\/eu\/produktua\/schmetz-5-agujas-para-maquinas-de-coser-universal-130705-h-grosor-659\/","og_locale":"en_US","og_type":"article","og_title":"SCHMETZ 5 Agujas para m\u00e1quinas de coser Universal 130705 H Grosor 659 - ArtenCost","og_description":"CONTENIDO: 5 Agujas para m\u00e1quinas de coser | Universal | 130\/705 H | con cabo plano | Grosor 65\/9 | Se env\u00edan en un estuche para agujas de m\u00e1quina de coser CARACTER\u00cdSTICA: La punta ligeramente redondeada garantiza que la mayor\u00eda de los materiales se puedan coser con cuidado y sin problemas, sin da\u00f1arlos INDICADAS PARA LOS SIGUIENTES TEJIDOS\/MATERIALES: De uso universal para una gran variedad de tejidos\/materiales, desde la seda m\u00e1s fina hasta el pana m\u00e1s resistente APLICACI\u00d3N: Apto para todas las m\u00e1quinas de coser dom\u00e9sticas habituales (por ejemplo, Bernina, Pfaff, Elna, Brother, Juki, Janome, Singer, W6, etc.) | Larga vida \u00fatil gracias a su fabricaci\u00f3n de alta calidad MARCACI\u00d3N DE COLOR DE SCHMETZ: Las agujas universales solo muestran la marca de color para indicar el grosor de la aguja = Gris en 65\/9","og_url":"https:\/\/artencost.com\/eu\/produktua\/schmetz-5-agujas-para-maquinas-de-coser-universal-130705-h-grosor-659\/","og_site_name":"ArtenCost","article_modified_time":"2025-09-26T13:46:44+00:00","og_image":[{"width":871,"height":1121,"url":"https:\/\/artencost.com\/wp-content\/uploads\/2025\/09\/61wfKTbx18L._AC_SL1228_.jpg","type":"image\/jpeg"}],"twitter_card":"summary_large_image","twitter_misc":{"Est. reading time":"1 minutua"},"schema":{"@context":"https:\/\/schema.org","@graph":[{"@type":"WebPage","@id":"https:\/\/artencost.com\/producto\/schmetz-5-agujas-para-maquinas-de-coser-universal-130705-h-grosor-659\/","url":"https:\/\/artencost.com\/producto\/schmetz-5-agujas-para-maquinas-de-coser-universal-130705-h-grosor-659\/","name":"SCHMETZ 5 Agujas para m\u00e1quinas de coser Universal 130705 H Grosor 659 - ArtenCost","isPartOf":{"@id":"https:\/\/artencost.com\/#website"},"primaryImageOfPage":{"@id":"https:\/\/artencost.com\/producto\/schmetz-5-agujas-para-maquinas-de-coser-universal-130705-h-grosor-659\/#primaryimage"},"image":{"@id":"https:\/\/artencost.com\/producto\/schmetz-5-agujas-para-maquinas-de-coser-universal-130705-h-grosor-659\/#primaryimage"},"thumbnailUrl":"https:\/\/artencost.com\/wp-content\/uploads\/2025\/09\/61wfKTbx18L._AC_SL1228_.jpg","datePublished":"2025-09-26T13:44:42+00:00","dateModified":"2025-09-26T13:46:44+00:00","breadcrumb":{"@id":"https:\/\/artencost.com\/producto\/schmetz-5-agujas-para-maquinas-de-coser-universal-130705-h-grosor-659\/#breadcrumb"},"inLanguage":"eu","potentialAction":[{"@type":"ReadAction","target":["https:\/\/artencost.com\/producto\/schmetz-5-agujas-para-maquinas-de-coser-universal-130705-h-grosor-659\/"]}]},{"@type":"ImageObject","inLanguage":"eu","@id":"https:\/\/artencost.com\/producto\/schmetz-5-agujas-para-maquinas-de-coser-universal-130705-h-grosor-659\/#primaryimage","url":"https:\/\/artencost.com\/wp-content\/uploads\/2025\/09\/61wfKTbx18L._AC_SL1228_.jpg","contentUrl":"https:\/\/artencost.com\/wp-content\/uploads\/2025\/09\/61wfKTbx18L._AC_SL1228_.jpg","width":871,"height":1121},{"@type":"BreadcrumbList","@id":"https:\/\/artencost.com\/producto\/schmetz-5-agujas-para-maquinas-de-coser-universal-130705-h-grosor-659\/#breadcrumb","itemListElement":[{"@type":"ListItem","position":1,"name":"Portada","item":"https:\/\/artencost.com\/"},{"@type":"ListItem","position":2,"name":"Tienda","item":"https:\/\/artencost.com\/tienda\/"},{"@type":"ListItem","position":3,"name":"SCHMETZ 5 Agujas para m\u00e1quinas de coser Universal 130705 H Grosor 659"}]},{"@type":"WebSite","@id":"https:\/\/artencost.com\/#website","url":"https:\/\/artencost.com\/","name":"ArtenCost","description":"","publisher":{"@id":"https:\/\/artencost.com\/#organization"},"potentialAction":[{"@type":"SearchAction","target":{"@type":"EntryPoint","urlTemplate":"https:\/\/artencost.com\/?s={search_term_string}"},"query-input":{"@type":"PropertyValueSpecification","valueRequired":true,"valueName":"search_term_string"}}],"inLanguage":"eu"},{"@type":"Organization","@id":"https:\/\/artencost.com\/#organization","name":"ArtenCost","url":"https:\/\/artencost.com\/","logo":{"@type":"ImageObject","inLanguage":"eu","@id":"https:\/\/artencost.com\/#\/schema\/logo\/image\/","url":"https:\/\/artencost.com\/wp-content\/uploads\/2025\/07\/cropped-Artncost-Logo_Mesa-de-trabajo-1.png","contentUrl":"https:\/\/artencost.com\/wp-content\/uploads\/2025\/07\/cropped-Artncost-Logo_Mesa-de-trabajo-1.png","width":1080,"height":1080,"caption":"ArtenCost "},"image":{"@id":"https:\/\/artencost.com\/#\/schema\/logo\/image\/"}}]}},"_links":{"self":[{"href":"https:\/\/artencost.com\/eu\/wp-json\/wp\/v2\/product\/362","targetHints":{"allow":["GET"]}}],"collection":[{"href":"https:\/\/artencost.com\/eu\/wp-json\/wp\/v2\/product"}],"about":[{"href":"https:\/\/artencost.com\/eu\/wp-json\/wp\/v2\/types\/product"}],"replies":[{"embeddable":true,"href":"https:\/\/artencost.com\/eu\/wp-json\/wp\/v2\/comments?post=362"}],"wp:featuredmedia":[{"embeddable":true,"href":"https:\/\/artencost.com\/eu\/wp-json\/wp\/v2\/media\/363"}],"wp:attachment":[{"href":"https:\/\/artencost.com\/eu\/wp-json\/wp\/v2\/media?parent=362"}],"wp:term":[{"taxonomy":"product_brand","embeddable":true,"href":"https:\/\/artencost.com\/eu\/wp-json\/wp\/v2\/product_brand?post=362"},{"taxonomy":"product_cat","embeddable":true,"href":"https:\/\/artencost.com\/eu\/wp-json\/wp\/v2\/product_cat?post=362"},{"taxonomy":"product_tag","embeddable":true,"href":"https:\/\/artencost.com\/eu\/wp-json\/wp\/v2\/product_tag?post=362"}],"curies":[{"name":"wp","href":"https:\/\/api.w.org\/{rel}","templated":true}]}}