{"id":380,"date":"2025-09-26T13:59:18","date_gmt":"2025-09-26T13:59:18","guid":{"rendered":"https:\/\/artencost.com\/?post_type=product&#038;p=380"},"modified":"2025-09-26T13:59:18","modified_gmt":"2025-09-26T13:59:18","slug":"maquina-coser-sigma-990","status":"publish","type":"product","link":"https:\/\/artencost.com\/eu\/produktua\/maquina-coser-sigma-990\/","title":{"rendered":"M\u00e1quina Coser SIGMA 990"},"content":{"rendered":"<p>SIGMA Modelo 990<br \/>\nRef. SIGMA990<br \/>\n&#8211; M\u00e1quina mec\u00e1nica.<br \/>\n&#8211; 25 puntadas el\u00e1sticas y decorativas.<br \/>\n&#8211; Ojales en cuatro pasos.<br \/>\n&#8211; Longitud de puntada: 5 mm.<br \/>\n&#8211; Anchura de zigzag: 5 mm.<br \/>\n&#8211; Brazo libre.<br \/>\n&#8211; Sistema de luz led.<br \/>\n&#8211; Lanzadera oscilante.<\/p>","protected":false},"excerpt":{"rendered":"<p>SIGMA Modelo 990<br \/>\nRef. SIGMA990<br \/>\n&#8211; M\u00e1quina mec\u00e1nica.<br \/>\n&#8211; 25 puntadas el\u00e1sticas y decorativas.<br \/>\n&#8211; Ojales en cuatro pasos.<br \/>\n&#8211; Longitud de puntada: 5 mm.<br \/>\n&#8211; Anchura de zigzag: 5 mm.<br \/>\n&#8211; Brazo libre.<br \/>\n&#8211; Sistema de luz led.<br \/>\n&#8211; Lanzadera oscilante.<\/p>","protected":false},"featured_media":381,"comment_status":"open","ping_status":"closed","template":"","meta":[],"product_brand":[],"product_cat":[22],"product_tag":[],"class_list":{"0":"post-380","1":"product","2":"type-product","3":"status-publish","4":"has-post-thumbnail","6":"product_cat-maquina-de-coser","8":"first","9":"instock","10":"shipping-taxable","11":"purchasable","12":"product-type-simple"},"yoast_head":"<!-- This site is optimized with the Yoast SEO plugin v27.5 - https:\/\/yoast.com\/product\/yoast-seo-wordpress\/ -->\n<title>M\u00e1quina Coser SIGMA 990 - ArtenCost<\/title>\n<meta name=\"robots\" content=\"index, follow, max-snippet:-1, max-image-preview:large, max-video-preview:-1\" \/>\n<link rel=\"canonical\" href=\"https:\/\/artencost.com\/eu\/produktua\/maquina-coser-sigma-990\/\" \/>\n<meta property=\"og:locale\" content=\"en_US\" \/>\n<meta property=\"og:type\" content=\"article\" \/>\n<meta property=\"og:title\" content=\"M\u00e1quina Coser SIGMA 990 - ArtenCost\" \/>\n<meta property=\"og:description\" content=\"SIGMA Modelo 990 Ref. SIGMA990 - M\u00e1quina mec\u00e1nica. - 25 puntadas el\u00e1sticas y decorativas. - Ojales en cuatro pasos. - Longitud de puntada: 5 mm. - Anchura de zigzag: 5 mm. - Brazo libre. - Sistema de luz led. - Lanzadera oscilante.\" \/>\n<meta property=\"og:url\" content=\"https:\/\/artencost.com\/eu\/produktua\/maquina-coser-sigma-990\/\" \/>\n<meta property=\"og:site_name\" content=\"ArtenCost\" \/>\n<meta property=\"og:image\" content=\"https:\/\/artencost.com\/wp-content\/uploads\/2025\/09\/maquina-coser-sigma-990.jpg\" \/>\n\t<meta property=\"og:image:width\" content=\"800\" \/>\n\t<meta property=\"og:image:height\" content=\"800\" \/>\n\t<meta property=\"og:image:type\" content=\"image\/jpeg\" \/>\n<meta name=\"twitter:card\" content=\"summary_large_image\" \/>\n<meta name=\"twitter:label1\" content=\"Est. reading time\" \/>\n\t<meta name=\"twitter:data1\" content=\"1 minutua\" \/>\n<script type=\"application\/ld+json\" class=\"yoast-schema-graph\">{\"@context\":\"https:\\\/\\\/schema.org\",\"@graph\":[{\"@type\":\"WebPage\",\"@id\":\"https:\\\/\\\/artencost.com\\\/producto\\\/maquina-coser-sigma-990\\\/\",\"url\":\"https:\\\/\\\/artencost.com\\\/producto\\\/maquina-coser-sigma-990\\\/\",\"name\":\"M\u00e1quina Coser SIGMA 990 - ArtenCost\",\"isPartOf\":{\"@id\":\"https:\\\/\\\/artencost.com\\\/#website\"},\"primaryImageOfPage\":{\"@id\":\"https:\\\/\\\/artencost.com\\\/producto\\\/maquina-coser-sigma-990\\\/#primaryimage\"},\"image\":{\"@id\":\"https:\\\/\\\/artencost.com\\\/producto\\\/maquina-coser-sigma-990\\\/#primaryimage\"},\"thumbnailUrl\":\"https:\\\/\\\/artencost.com\\\/wp-content\\\/uploads\\\/2025\\\/09\\\/maquina-coser-sigma-990.jpg\",\"datePublished\":\"2025-09-26T13:59:18+00:00\",\"breadcrumb\":{\"@id\":\"https:\\\/\\\/artencost.com\\\/producto\\\/maquina-coser-sigma-990\\\/#breadcrumb\"},\"inLanguage\":\"eu\",\"potentialAction\":[{\"@type\":\"ReadAction\",\"target\":[\"https:\\\/\\\/artencost.com\\\/producto\\\/maquina-coser-sigma-990\\\/\"]}]},{\"@type\":\"ImageObject\",\"inLanguage\":\"eu\",\"@id\":\"https:\\\/\\\/artencost.com\\\/producto\\\/maquina-coser-sigma-990\\\/#primaryimage\",\"url\":\"https:\\\/\\\/artencost.com\\\/wp-content\\\/uploads\\\/2025\\\/09\\\/maquina-coser-sigma-990.jpg\",\"contentUrl\":\"https:\\\/\\\/artencost.com\\\/wp-content\\\/uploads\\\/2025\\\/09\\\/maquina-coser-sigma-990.jpg\",\"width\":800,\"height\":800},{\"@type\":\"BreadcrumbList\",\"@id\":\"https:\\\/\\\/artencost.com\\\/producto\\\/maquina-coser-sigma-990\\\/#breadcrumb\",\"itemListElement\":[{\"@type\":\"ListItem\",\"position\":1,\"name\":\"Portada\",\"item\":\"https:\\\/\\\/artencost.com\\\/\"},{\"@type\":\"ListItem\",\"position\":2,\"name\":\"Tienda\",\"item\":\"https:\\\/\\\/artencost.com\\\/tienda\\\/\"},{\"@type\":\"ListItem\",\"position\":3,\"name\":\"M\u00e1quina Coser SIGMA 990\"}]},{\"@type\":\"WebSite\",\"@id\":\"https:\\\/\\\/artencost.com\\\/#website\",\"url\":\"https:\\\/\\\/artencost.com\\\/\",\"name\":\"ArtenCost\",\"description\":\"\",\"publisher\":{\"@id\":\"https:\\\/\\\/artencost.com\\\/#organization\"},\"potentialAction\":[{\"@type\":\"SearchAction\",\"target\":{\"@type\":\"EntryPoint\",\"urlTemplate\":\"https:\\\/\\\/artencost.com\\\/?s={search_term_string}\"},\"query-input\":{\"@type\":\"PropertyValueSpecification\",\"valueRequired\":true,\"valueName\":\"search_term_string\"}}],\"inLanguage\":\"eu\"},{\"@type\":\"Organization\",\"@id\":\"https:\\\/\\\/artencost.com\\\/#organization\",\"name\":\"ArtenCost\",\"url\":\"https:\\\/\\\/artencost.com\\\/\",\"logo\":{\"@type\":\"ImageObject\",\"inLanguage\":\"eu\",\"@id\":\"https:\\\/\\\/artencost.com\\\/#\\\/schema\\\/logo\\\/image\\\/\",\"url\":\"https:\\\/\\\/artencost.com\\\/wp-content\\\/uploads\\\/2025\\\/07\\\/cropped-Artncost-Logo_Mesa-de-trabajo-1.png\",\"contentUrl\":\"https:\\\/\\\/artencost.com\\\/wp-content\\\/uploads\\\/2025\\\/07\\\/cropped-Artncost-Logo_Mesa-de-trabajo-1.png\",\"width\":1080,\"height\":1080,\"caption\":\"ArtenCost \"},\"image\":{\"@id\":\"https:\\\/\\\/artencost.com\\\/#\\\/schema\\\/logo\\\/image\\\/\"}}]}<\/script>\n<!-- \/ Yoast SEO plugin. -->","yoast_head_json":{"title":"M\u00e1quina Coser SIGMA 990 - ArtenCost","robots":{"index":"index","follow":"follow","max-snippet":"max-snippet:-1","max-image-preview":"max-image-preview:large","max-video-preview":"max-video-preview:-1"},"canonical":"https:\/\/artencost.com\/eu\/produktua\/maquina-coser-sigma-990\/","og_locale":"en_US","og_type":"article","og_title":"M\u00e1quina Coser SIGMA 990 - ArtenCost","og_description":"SIGMA Modelo 990 Ref. SIGMA990 - M\u00e1quina mec\u00e1nica. - 25 puntadas el\u00e1sticas y decorativas. - Ojales en cuatro pasos. - Longitud de puntada: 5 mm. - Anchura de zigzag: 5 mm. - Brazo libre. - Sistema de luz led. - Lanzadera oscilante.","og_url":"https:\/\/artencost.com\/eu\/produktua\/maquina-coser-sigma-990\/","og_site_name":"ArtenCost","og_image":[{"width":800,"height":800,"url":"https:\/\/artencost.com\/wp-content\/uploads\/2025\/09\/maquina-coser-sigma-990.jpg","type":"image\/jpeg"}],"twitter_card":"summary_large_image","twitter_misc":{"Est. reading time":"1 minutua"},"schema":{"@context":"https:\/\/schema.org","@graph":[{"@type":"WebPage","@id":"https:\/\/artencost.com\/producto\/maquina-coser-sigma-990\/","url":"https:\/\/artencost.com\/producto\/maquina-coser-sigma-990\/","name":"M\u00e1quina Coser SIGMA 990 - ArtenCost","isPartOf":{"@id":"https:\/\/artencost.com\/#website"},"primaryImageOfPage":{"@id":"https:\/\/artencost.com\/producto\/maquina-coser-sigma-990\/#primaryimage"},"image":{"@id":"https:\/\/artencost.com\/producto\/maquina-coser-sigma-990\/#primaryimage"},"thumbnailUrl":"https:\/\/artencost.com\/wp-content\/uploads\/2025\/09\/maquina-coser-sigma-990.jpg","datePublished":"2025-09-26T13:59:18+00:00","breadcrumb":{"@id":"https:\/\/artencost.com\/producto\/maquina-coser-sigma-990\/#breadcrumb"},"inLanguage":"eu","potentialAction":[{"@type":"ReadAction","target":["https:\/\/artencost.com\/producto\/maquina-coser-sigma-990\/"]}]},{"@type":"ImageObject","inLanguage":"eu","@id":"https:\/\/artencost.com\/producto\/maquina-coser-sigma-990\/#primaryimage","url":"https:\/\/artencost.com\/wp-content\/uploads\/2025\/09\/maquina-coser-sigma-990.jpg","contentUrl":"https:\/\/artencost.com\/wp-content\/uploads\/2025\/09\/maquina-coser-sigma-990.jpg","width":800,"height":800},{"@type":"BreadcrumbList","@id":"https:\/\/artencost.com\/producto\/maquina-coser-sigma-990\/#breadcrumb","itemListElement":[{"@type":"ListItem","position":1,"name":"Portada","item":"https:\/\/artencost.com\/"},{"@type":"ListItem","position":2,"name":"Tienda","item":"https:\/\/artencost.com\/tienda\/"},{"@type":"ListItem","position":3,"name":"M\u00e1quina Coser SIGMA 990"}]},{"@type":"WebSite","@id":"https:\/\/artencost.com\/#website","url":"https:\/\/artencost.com\/","name":"ArtenCost","description":"","publisher":{"@id":"https:\/\/artencost.com\/#organization"},"potentialAction":[{"@type":"SearchAction","target":{"@type":"EntryPoint","urlTemplate":"https:\/\/artencost.com\/?s={search_term_string}"},"query-input":{"@type":"PropertyValueSpecification","valueRequired":true,"valueName":"search_term_string"}}],"inLanguage":"eu"},{"@type":"Organization","@id":"https:\/\/artencost.com\/#organization","name":"ArtenCost","url":"https:\/\/artencost.com\/","logo":{"@type":"ImageObject","inLanguage":"eu","@id":"https:\/\/artencost.com\/#\/schema\/logo\/image\/","url":"https:\/\/artencost.com\/wp-content\/uploads\/2025\/07\/cropped-Artncost-Logo_Mesa-de-trabajo-1.png","contentUrl":"https:\/\/artencost.com\/wp-content\/uploads\/2025\/07\/cropped-Artncost-Logo_Mesa-de-trabajo-1.png","width":1080,"height":1080,"caption":"ArtenCost "},"image":{"@id":"https:\/\/artencost.com\/#\/schema\/logo\/image\/"}}]}},"_links":{"self":[{"href":"https:\/\/artencost.com\/eu\/wp-json\/wp\/v2\/product\/380","targetHints":{"allow":["GET"]}}],"collection":[{"href":"https:\/\/artencost.com\/eu\/wp-json\/wp\/v2\/product"}],"about":[{"href":"https:\/\/artencost.com\/eu\/wp-json\/wp\/v2\/types\/product"}],"replies":[{"embeddable":true,"href":"https:\/\/artencost.com\/eu\/wp-json\/wp\/v2\/comments?post=380"}],"wp:featuredmedia":[{"embeddable":true,"href":"https:\/\/artencost.com\/eu\/wp-json\/wp\/v2\/media\/381"}],"wp:attachment":[{"href":"https:\/\/artencost.com\/eu\/wp-json\/wp\/v2\/media?parent=380"}],"wp:term":[{"taxonomy":"product_brand","embeddable":true,"href":"https:\/\/artencost.com\/eu\/wp-json\/wp\/v2\/product_brand?post=380"},{"taxonomy":"product_cat","embeddable":true,"href":"https:\/\/artencost.com\/eu\/wp-json\/wp\/v2\/product_cat?post=380"},{"taxonomy":"product_tag","embeddable":true,"href":"https:\/\/artencost.com\/eu\/wp-json\/wp\/v2\/product_tag?post=380"}],"curies":[{"name":"wp","href":"https:\/\/api.w.org\/{rel}","templated":true}]}}