{"id":382,"date":"2025-09-26T13:59:52","date_gmt":"2025-09-26T13:59:52","guid":{"rendered":"https:\/\/artencost.com\/?post_type=product&#038;p=382"},"modified":"2025-09-26T13:59:53","modified_gmt":"2025-09-26T13:59:53","slug":"maquina-coser-sigma-190","status":"publish","type":"product","link":"https:\/\/artencost.com\/eu\/produktua\/maquina-coser-sigma-190\/","title":{"rendered":"M\u00e1quina Coser SIGMA 190"},"content":{"rendered":"<p>SIGMA Modelo 190<br \/>\nRef. SIGMA190<br \/>\n&#8211; M\u00e1quina electr\u00f3nica.<br \/>\n&#8211; 192 puntadas el\u00e1sticas y decorativas.<br \/>\n&#8211; Bot\u00f3n de corte de hilo.<br \/>\n&#8211; Incluye 9 ojales autom\u00e1ticos.<br \/>\n&#8211; Incluye 1 alfabeto.<br \/>\n&#8211; Longitud de puntada: 5 mm.<br \/>\n&#8211; Anchura de puntada: 7 mm.<br \/>\n&#8211; Dientes de 7 hileras para un arrastre perfecto.<br \/>\n&#8211; Bot\u00f3n start\/stop que permite coser sin pedal.<br \/>\n&#8211; Bot\u00f3n control de velocidad.<br \/>\n&#8211; Bot\u00f3n inversi\u00f3n de puntada.<br \/>\n&#8211; Bot\u00f3n posici\u00f3n de aguja arriba\/abajo.<br \/>\n&#8211; Funci\u00f3n aguja doble (s\u00f3lo para puntada recta).<br \/>\n&#8211; Bot\u00f3n regulaci\u00f3n presi\u00f3n pr\u00e9nsatelas (5 niveles).<br \/>\n&#8211; Velocidad m\u00e1xima: 850 ppm.<br \/>\n&#8211; Maleta r\u00edgida.<br \/>\n&#8211; Posibilidad de incorporar la unidad de bordado EU-5.<\/p>","protected":false},"excerpt":{"rendered":"<p>SIGMA Modelo 190<br \/>\nRef. SIGMA190<br \/>\n&#8211; M\u00e1quina electr\u00f3nica.<br \/>\n&#8211; 192 puntadas el\u00e1sticas y decorativas.<br \/>\n&#8211; Bot\u00f3n de corte de hilo.<br \/>\n&#8211; Incluye 9 ojales autom\u00e1ticos.<br \/>\n&#8211; Incluye 1 alfabeto.<br \/>\n&#8211; Longitud de puntada: 5 mm.<br \/>\n&#8211; Anchura de puntada: 7 mm.<br \/>\n&#8211; Dientes de 7 hileras para un arrastre perfecto.<br \/>\n&#8211; Bot\u00f3n start\/stop que permite coser sin pedal.<br \/>\n&#8211; Bot\u00f3n control de velocidad.<br \/>\n&#8211; Bot\u00f3n inversi\u00f3n de puntada.<br \/>\n&#8211; Bot\u00f3n posici\u00f3n de aguja arriba\/abajo.<br \/>\n&#8211; Funci\u00f3n aguja doble (s\u00f3lo para puntada recta).<br \/>\n&#8211; Bot\u00f3n regulaci\u00f3n presi\u00f3n pr\u00e9nsatelas (5 niveles).<br \/>\n&#8211; Velocidad m\u00e1xima: 850 ppm.<br \/>\n&#8211; Maleta r\u00edgida.<br \/>\n&#8211; Posibilidad de incorporar la unidad de bordado EU-5.<\/p>","protected":false},"featured_media":383,"comment_status":"open","ping_status":"closed","template":"","meta":[],"product_brand":[],"product_cat":[22],"product_tag":[],"class_list":{"0":"post-382","1":"product","2":"type-product","3":"status-publish","4":"has-post-thumbnail","6":"product_cat-maquina-de-coser","8":"first","9":"instock","10":"shipping-taxable","11":"purchasable","12":"product-type-simple"},"yoast_head":"<!-- This site is optimized with the Yoast SEO plugin v27.5 - https:\/\/yoast.com\/product\/yoast-seo-wordpress\/ -->\n<title>M\u00e1quina Coser SIGMA 190 - ArtenCost<\/title>\n<meta name=\"robots\" content=\"index, follow, max-snippet:-1, max-image-preview:large, max-video-preview:-1\" \/>\n<link rel=\"canonical\" href=\"https:\/\/artencost.com\/eu\/produktua\/maquina-coser-sigma-190\/\" \/>\n<meta property=\"og:locale\" content=\"en_US\" \/>\n<meta property=\"og:type\" content=\"article\" \/>\n<meta property=\"og:title\" content=\"M\u00e1quina Coser SIGMA 190 - ArtenCost\" \/>\n<meta property=\"og:description\" content=\"SIGMA Modelo 190 Ref. SIGMA190 - M\u00e1quina electr\u00f3nica. - 192 puntadas el\u00e1sticas y decorativas. - Bot\u00f3n de corte de hilo. - Incluye 9 ojales autom\u00e1ticos. - Incluye 1 alfabeto. - Longitud de puntada: 5 mm. - Anchura de puntada: 7 mm. - Dientes de 7 hileras para un arrastre perfecto. - Bot\u00f3n start\/stop que permite coser sin pedal. - Bot\u00f3n control de velocidad. - Bot\u00f3n inversi\u00f3n de puntada. - Bot\u00f3n posici\u00f3n de aguja arriba\/abajo. - Funci\u00f3n aguja doble (s\u00f3lo para puntada recta). - Bot\u00f3n regulaci\u00f3n presi\u00f3n pr\u00e9nsatelas (5 niveles). - Velocidad m\u00e1xima: 850 ppm. - Maleta r\u00edgida. - Posibilidad de incorporar la unidad de bordado EU-5.\" \/>\n<meta property=\"og:url\" content=\"https:\/\/artencost.com\/eu\/produktua\/maquina-coser-sigma-190\/\" \/>\n<meta property=\"og:site_name\" content=\"ArtenCost\" \/>\n<meta property=\"article:modified_time\" content=\"2025-09-26T13:59:53+00:00\" \/>\n<meta property=\"og:image\" content=\"https:\/\/artencost.com\/wp-content\/uploads\/2025\/09\/maquina-coser-sigma-190.jpg\" \/>\n\t<meta property=\"og:image:width\" content=\"800\" \/>\n\t<meta property=\"og:image:height\" content=\"800\" \/>\n\t<meta property=\"og:image:type\" content=\"image\/jpeg\" \/>\n<meta name=\"twitter:card\" content=\"summary_large_image\" \/>\n<meta name=\"twitter:label1\" content=\"Est. reading time\" \/>\n\t<meta name=\"twitter:data1\" content=\"1 minutua\" \/>\n<script type=\"application\/ld+json\" class=\"yoast-schema-graph\">{\"@context\":\"https:\\\/\\\/schema.org\",\"@graph\":[{\"@type\":\"WebPage\",\"@id\":\"https:\\\/\\\/artencost.com\\\/producto\\\/maquina-coser-sigma-190\\\/\",\"url\":\"https:\\\/\\\/artencost.com\\\/producto\\\/maquina-coser-sigma-190\\\/\",\"name\":\"M\u00e1quina Coser SIGMA 190 - ArtenCost\",\"isPartOf\":{\"@id\":\"https:\\\/\\\/artencost.com\\\/#website\"},\"primaryImageOfPage\":{\"@id\":\"https:\\\/\\\/artencost.com\\\/producto\\\/maquina-coser-sigma-190\\\/#primaryimage\"},\"image\":{\"@id\":\"https:\\\/\\\/artencost.com\\\/producto\\\/maquina-coser-sigma-190\\\/#primaryimage\"},\"thumbnailUrl\":\"https:\\\/\\\/artencost.com\\\/wp-content\\\/uploads\\\/2025\\\/09\\\/maquina-coser-sigma-190.jpg\",\"datePublished\":\"2025-09-26T13:59:52+00:00\",\"dateModified\":\"2025-09-26T13:59:53+00:00\",\"breadcrumb\":{\"@id\":\"https:\\\/\\\/artencost.com\\\/producto\\\/maquina-coser-sigma-190\\\/#breadcrumb\"},\"inLanguage\":\"eu\",\"potentialAction\":[{\"@type\":\"ReadAction\",\"target\":[\"https:\\\/\\\/artencost.com\\\/producto\\\/maquina-coser-sigma-190\\\/\"]}]},{\"@type\":\"ImageObject\",\"inLanguage\":\"eu\",\"@id\":\"https:\\\/\\\/artencost.com\\\/producto\\\/maquina-coser-sigma-190\\\/#primaryimage\",\"url\":\"https:\\\/\\\/artencost.com\\\/wp-content\\\/uploads\\\/2025\\\/09\\\/maquina-coser-sigma-190.jpg\",\"contentUrl\":\"https:\\\/\\\/artencost.com\\\/wp-content\\\/uploads\\\/2025\\\/09\\\/maquina-coser-sigma-190.jpg\",\"width\":800,\"height\":800},{\"@type\":\"BreadcrumbList\",\"@id\":\"https:\\\/\\\/artencost.com\\\/producto\\\/maquina-coser-sigma-190\\\/#breadcrumb\",\"itemListElement\":[{\"@type\":\"ListItem\",\"position\":1,\"name\":\"Portada\",\"item\":\"https:\\\/\\\/artencost.com\\\/\"},{\"@type\":\"ListItem\",\"position\":2,\"name\":\"Tienda\",\"item\":\"https:\\\/\\\/artencost.com\\\/tienda\\\/\"},{\"@type\":\"ListItem\",\"position\":3,\"name\":\"M\u00e1quina Coser SIGMA 190\"}]},{\"@type\":\"WebSite\",\"@id\":\"https:\\\/\\\/artencost.com\\\/#website\",\"url\":\"https:\\\/\\\/artencost.com\\\/\",\"name\":\"ArtenCost\",\"description\":\"\",\"publisher\":{\"@id\":\"https:\\\/\\\/artencost.com\\\/#organization\"},\"potentialAction\":[{\"@type\":\"SearchAction\",\"target\":{\"@type\":\"EntryPoint\",\"urlTemplate\":\"https:\\\/\\\/artencost.com\\\/?s={search_term_string}\"},\"query-input\":{\"@type\":\"PropertyValueSpecification\",\"valueRequired\":true,\"valueName\":\"search_term_string\"}}],\"inLanguage\":\"eu\"},{\"@type\":\"Organization\",\"@id\":\"https:\\\/\\\/artencost.com\\\/#organization\",\"name\":\"ArtenCost\",\"url\":\"https:\\\/\\\/artencost.com\\\/\",\"logo\":{\"@type\":\"ImageObject\",\"inLanguage\":\"eu\",\"@id\":\"https:\\\/\\\/artencost.com\\\/#\\\/schema\\\/logo\\\/image\\\/\",\"url\":\"https:\\\/\\\/artencost.com\\\/wp-content\\\/uploads\\\/2025\\\/07\\\/cropped-Artncost-Logo_Mesa-de-trabajo-1.png\",\"contentUrl\":\"https:\\\/\\\/artencost.com\\\/wp-content\\\/uploads\\\/2025\\\/07\\\/cropped-Artncost-Logo_Mesa-de-trabajo-1.png\",\"width\":1080,\"height\":1080,\"caption\":\"ArtenCost \"},\"image\":{\"@id\":\"https:\\\/\\\/artencost.com\\\/#\\\/schema\\\/logo\\\/image\\\/\"}}]}<\/script>\n<!-- \/ Yoast SEO plugin. -->","yoast_head_json":{"title":"M\u00e1quina Coser SIGMA 190 - ArtenCost","robots":{"index":"index","follow":"follow","max-snippet":"max-snippet:-1","max-image-preview":"max-image-preview:large","max-video-preview":"max-video-preview:-1"},"canonical":"https:\/\/artencost.com\/eu\/produktua\/maquina-coser-sigma-190\/","og_locale":"en_US","og_type":"article","og_title":"M\u00e1quina Coser SIGMA 190 - ArtenCost","og_description":"SIGMA Modelo 190 Ref. SIGMA190 - M\u00e1quina electr\u00f3nica. - 192 puntadas el\u00e1sticas y decorativas. - Bot\u00f3n de corte de hilo. - Incluye 9 ojales autom\u00e1ticos. - Incluye 1 alfabeto. - Longitud de puntada: 5 mm. - Anchura de puntada: 7 mm. - Dientes de 7 hileras para un arrastre perfecto. - Bot\u00f3n start\/stop que permite coser sin pedal. - Bot\u00f3n control de velocidad. - Bot\u00f3n inversi\u00f3n de puntada. - Bot\u00f3n posici\u00f3n de aguja arriba\/abajo. - Funci\u00f3n aguja doble (s\u00f3lo para puntada recta). - Bot\u00f3n regulaci\u00f3n presi\u00f3n pr\u00e9nsatelas (5 niveles). - Velocidad m\u00e1xima: 850 ppm. - Maleta r\u00edgida. - Posibilidad de incorporar la unidad de bordado EU-5.","og_url":"https:\/\/artencost.com\/eu\/produktua\/maquina-coser-sigma-190\/","og_site_name":"ArtenCost","article_modified_time":"2025-09-26T13:59:53+00:00","og_image":[{"width":800,"height":800,"url":"https:\/\/artencost.com\/wp-content\/uploads\/2025\/09\/maquina-coser-sigma-190.jpg","type":"image\/jpeg"}],"twitter_card":"summary_large_image","twitter_misc":{"Est. reading time":"1 minutua"},"schema":{"@context":"https:\/\/schema.org","@graph":[{"@type":"WebPage","@id":"https:\/\/artencost.com\/producto\/maquina-coser-sigma-190\/","url":"https:\/\/artencost.com\/producto\/maquina-coser-sigma-190\/","name":"M\u00e1quina Coser SIGMA 190 - ArtenCost","isPartOf":{"@id":"https:\/\/artencost.com\/#website"},"primaryImageOfPage":{"@id":"https:\/\/artencost.com\/producto\/maquina-coser-sigma-190\/#primaryimage"},"image":{"@id":"https:\/\/artencost.com\/producto\/maquina-coser-sigma-190\/#primaryimage"},"thumbnailUrl":"https:\/\/artencost.com\/wp-content\/uploads\/2025\/09\/maquina-coser-sigma-190.jpg","datePublished":"2025-09-26T13:59:52+00:00","dateModified":"2025-09-26T13:59:53+00:00","breadcrumb":{"@id":"https:\/\/artencost.com\/producto\/maquina-coser-sigma-190\/#breadcrumb"},"inLanguage":"eu","potentialAction":[{"@type":"ReadAction","target":["https:\/\/artencost.com\/producto\/maquina-coser-sigma-190\/"]}]},{"@type":"ImageObject","inLanguage":"eu","@id":"https:\/\/artencost.com\/producto\/maquina-coser-sigma-190\/#primaryimage","url":"https:\/\/artencost.com\/wp-content\/uploads\/2025\/09\/maquina-coser-sigma-190.jpg","contentUrl":"https:\/\/artencost.com\/wp-content\/uploads\/2025\/09\/maquina-coser-sigma-190.jpg","width":800,"height":800},{"@type":"BreadcrumbList","@id":"https:\/\/artencost.com\/producto\/maquina-coser-sigma-190\/#breadcrumb","itemListElement":[{"@type":"ListItem","position":1,"name":"Portada","item":"https:\/\/artencost.com\/"},{"@type":"ListItem","position":2,"name":"Tienda","item":"https:\/\/artencost.com\/tienda\/"},{"@type":"ListItem","position":3,"name":"M\u00e1quina Coser SIGMA 190"}]},{"@type":"WebSite","@id":"https:\/\/artencost.com\/#website","url":"https:\/\/artencost.com\/","name":"ArtenCost","description":"","publisher":{"@id":"https:\/\/artencost.com\/#organization"},"potentialAction":[{"@type":"SearchAction","target":{"@type":"EntryPoint","urlTemplate":"https:\/\/artencost.com\/?s={search_term_string}"},"query-input":{"@type":"PropertyValueSpecification","valueRequired":true,"valueName":"search_term_string"}}],"inLanguage":"eu"},{"@type":"Organization","@id":"https:\/\/artencost.com\/#organization","name":"ArtenCost","url":"https:\/\/artencost.com\/","logo":{"@type":"ImageObject","inLanguage":"eu","@id":"https:\/\/artencost.com\/#\/schema\/logo\/image\/","url":"https:\/\/artencost.com\/wp-content\/uploads\/2025\/07\/cropped-Artncost-Logo_Mesa-de-trabajo-1.png","contentUrl":"https:\/\/artencost.com\/wp-content\/uploads\/2025\/07\/cropped-Artncost-Logo_Mesa-de-trabajo-1.png","width":1080,"height":1080,"caption":"ArtenCost "},"image":{"@id":"https:\/\/artencost.com\/#\/schema\/logo\/image\/"}}]}},"_links":{"self":[{"href":"https:\/\/artencost.com\/eu\/wp-json\/wp\/v2\/product\/382","targetHints":{"allow":["GET"]}}],"collection":[{"href":"https:\/\/artencost.com\/eu\/wp-json\/wp\/v2\/product"}],"about":[{"href":"https:\/\/artencost.com\/eu\/wp-json\/wp\/v2\/types\/product"}],"replies":[{"embeddable":true,"href":"https:\/\/artencost.com\/eu\/wp-json\/wp\/v2\/comments?post=382"}],"wp:featuredmedia":[{"embeddable":true,"href":"https:\/\/artencost.com\/eu\/wp-json\/wp\/v2\/media\/383"}],"wp:attachment":[{"href":"https:\/\/artencost.com\/eu\/wp-json\/wp\/v2\/media?parent=382"}],"wp:term":[{"taxonomy":"product_brand","embeddable":true,"href":"https:\/\/artencost.com\/eu\/wp-json\/wp\/v2\/product_brand?post=382"},{"taxonomy":"product_cat","embeddable":true,"href":"https:\/\/artencost.com\/eu\/wp-json\/wp\/v2\/product_cat?post=382"},{"taxonomy":"product_tag","embeddable":true,"href":"https:\/\/artencost.com\/eu\/wp-json\/wp\/v2\/product_tag?post=382"}],"curies":[{"name":"wp","href":"https:\/\/api.w.org\/{rel}","templated":true}]}}