{"id":384,"date":"2025-09-26T14:01:37","date_gmt":"2025-09-26T14:01:37","guid":{"rendered":"https:\/\/artencost.com\/?post_type=product&#038;p=384"},"modified":"2025-09-26T14:01:37","modified_gmt":"2025-09-26T14:01:37","slug":"maquina-coser-pfaff-select-3-2","status":"publish","type":"product","link":"https:\/\/artencost.com\/eu\/produktua\/maquina-coser-pfaff-select-3-2\/","title":{"rendered":"M\u00e1quina Coser PFAFF SELECT 3.2"},"content":{"rendered":"<p>La fuerza de penetraci\u00f3n de la aguja en los materiales m\u00e1s duros siempre es constante incluso a baja velocidad, con tejidos gruesos y con muchas capas de tejido .<\/p>\n<p>Ganchillo giratorio vertical id\u00e9ntico a los montados en m\u00e1quinas profesionales , sistema IDT para el transporte uniforme del tejido desde arriba y desde abajo , la elecci\u00f3n \u00f3ptima para coser f\u00e1cil y sin problemas .<\/p>\n<p>Posici\u00f3n de la aguja ajustable seg\u00fan se desee para costuras perfectas y costuras incluso en los bordes.<\/p>\n<p>&nbsp;<\/p>\n<p>Manual descarga:<\/p>\n<p>https:\/\/www.singer.com\/es-ca\/pages\/product-manuals-for-singer-pfaff-and-husqvarna-viking-sewing-machines?<\/p>","protected":false},"excerpt":{"rendered":"<p>La fuerza de penetraci\u00f3n de la aguja en los materiales m\u00e1s duros siempre es constante incluso a baja velocidad, con tejidos gruesos y con muchas capas de tejido .<\/p>\n<p>Ganchillo giratorio vertical id\u00e9ntico a los montados en m\u00e1quinas profesionales , sistema IDT para el transporte uniforme del tejido desde arriba y desde abajo , la elecci\u00f3n \u00f3ptima para coser f\u00e1cil y sin problemas .<\/p>\n<p>Posici\u00f3n de la aguja ajustable seg\u00fan se desee para costuras perfectas y costuras incluso en los bordes.<\/p>\n<p>&nbsp;<\/p>\n<p>Manual descarga:<\/p>\n<p>https:\/\/www.singer.com\/es-ca\/pages\/product-manuals-for-singer-pfaff-and-husqvarna-viking-sewing-machines?<\/p>","protected":false},"featured_media":385,"comment_status":"open","ping_status":"closed","template":"","meta":[],"product_brand":[],"product_cat":[22],"product_tag":[],"class_list":{"0":"post-384","1":"product","2":"type-product","3":"status-publish","4":"has-post-thumbnail","6":"product_cat-maquina-de-coser","8":"first","9":"instock","10":"shipping-taxable","11":"purchasable","12":"product-type-simple"},"yoast_head":"<!-- This site is optimized with the Yoast SEO plugin v27.5 - https:\/\/yoast.com\/product\/yoast-seo-wordpress\/ -->\n<title>M\u00e1quina Coser PFAFF SELECT 3.2 - ArtenCost<\/title>\n<meta name=\"robots\" content=\"index, follow, max-snippet:-1, max-image-preview:large, max-video-preview:-1\" \/>\n<link rel=\"canonical\" href=\"https:\/\/artencost.com\/eu\/produktua\/maquina-coser-pfaff-select-3-2\/\" \/>\n<meta property=\"og:locale\" content=\"en_US\" \/>\n<meta property=\"og:type\" content=\"article\" \/>\n<meta property=\"og:title\" content=\"M\u00e1quina Coser PFAFF SELECT 3.2 - ArtenCost\" \/>\n<meta property=\"og:description\" content=\"La fuerza de penetraci\u00f3n de la aguja en los materiales m\u00e1s duros siempre es constante incluso a baja velocidad, con tejidos gruesos y con muchas capas de tejido .  Ganchillo giratorio vertical id\u00e9ntico a los montados en m\u00e1quinas profesionales , sistema IDT para el transporte uniforme del tejido desde arriba y desde abajo , la elecci\u00f3n \u00f3ptima para coser f\u00e1cil y sin problemas .  Posici\u00f3n de la aguja ajustable seg\u00fan se desee para costuras perfectas y costuras incluso en los bordes.  &nbsp;  Manual descarga:  https:\/\/www.singer.com\/es-ca\/pages\/product-manuals-for-singer-pfaff-and-husqvarna-viking-sewing-machines?\" \/>\n<meta property=\"og:url\" content=\"https:\/\/artencost.com\/eu\/produktua\/maquina-coser-pfaff-select-3-2\/\" \/>\n<meta property=\"og:site_name\" content=\"ArtenCost\" \/>\n<meta property=\"og:image\" content=\"https:\/\/artencost.com\/wp-content\/uploads\/2025\/09\/maquina-coser-pfaff-select-32.jpg\" \/>\n\t<meta property=\"og:image:width\" content=\"800\" \/>\n\t<meta property=\"og:image:height\" content=\"800\" \/>\n\t<meta property=\"og:image:type\" content=\"image\/jpeg\" \/>\n<meta name=\"twitter:card\" content=\"summary_large_image\" \/>\n<meta name=\"twitter:label1\" content=\"Est. reading time\" \/>\n\t<meta name=\"twitter:data1\" content=\"1 minutua\" \/>\n<script type=\"application\/ld+json\" class=\"yoast-schema-graph\">{\"@context\":\"https:\\\/\\\/schema.org\",\"@graph\":[{\"@type\":\"WebPage\",\"@id\":\"https:\\\/\\\/artencost.com\\\/producto\\\/maquina-coser-pfaff-select-3-2\\\/\",\"url\":\"https:\\\/\\\/artencost.com\\\/producto\\\/maquina-coser-pfaff-select-3-2\\\/\",\"name\":\"M\u00e1quina Coser PFAFF SELECT 3.2 - ArtenCost\",\"isPartOf\":{\"@id\":\"https:\\\/\\\/artencost.com\\\/#website\"},\"primaryImageOfPage\":{\"@id\":\"https:\\\/\\\/artencost.com\\\/producto\\\/maquina-coser-pfaff-select-3-2\\\/#primaryimage\"},\"image\":{\"@id\":\"https:\\\/\\\/artencost.com\\\/producto\\\/maquina-coser-pfaff-select-3-2\\\/#primaryimage\"},\"thumbnailUrl\":\"https:\\\/\\\/artencost.com\\\/wp-content\\\/uploads\\\/2025\\\/09\\\/maquina-coser-pfaff-select-32.jpg\",\"datePublished\":\"2025-09-26T14:01:37+00:00\",\"breadcrumb\":{\"@id\":\"https:\\\/\\\/artencost.com\\\/producto\\\/maquina-coser-pfaff-select-3-2\\\/#breadcrumb\"},\"inLanguage\":\"eu\",\"potentialAction\":[{\"@type\":\"ReadAction\",\"target\":[\"https:\\\/\\\/artencost.com\\\/producto\\\/maquina-coser-pfaff-select-3-2\\\/\"]}]},{\"@type\":\"ImageObject\",\"inLanguage\":\"eu\",\"@id\":\"https:\\\/\\\/artencost.com\\\/producto\\\/maquina-coser-pfaff-select-3-2\\\/#primaryimage\",\"url\":\"https:\\\/\\\/artencost.com\\\/wp-content\\\/uploads\\\/2025\\\/09\\\/maquina-coser-pfaff-select-32.jpg\",\"contentUrl\":\"https:\\\/\\\/artencost.com\\\/wp-content\\\/uploads\\\/2025\\\/09\\\/maquina-coser-pfaff-select-32.jpg\",\"width\":800,\"height\":800},{\"@type\":\"BreadcrumbList\",\"@id\":\"https:\\\/\\\/artencost.com\\\/producto\\\/maquina-coser-pfaff-select-3-2\\\/#breadcrumb\",\"itemListElement\":[{\"@type\":\"ListItem\",\"position\":1,\"name\":\"Portada\",\"item\":\"https:\\\/\\\/artencost.com\\\/\"},{\"@type\":\"ListItem\",\"position\":2,\"name\":\"Tienda\",\"item\":\"https:\\\/\\\/artencost.com\\\/tienda\\\/\"},{\"@type\":\"ListItem\",\"position\":3,\"name\":\"M\u00e1quina Coser PFAFF SELECT 3.2\"}]},{\"@type\":\"WebSite\",\"@id\":\"https:\\\/\\\/artencost.com\\\/#website\",\"url\":\"https:\\\/\\\/artencost.com\\\/\",\"name\":\"ArtenCost\",\"description\":\"\",\"publisher\":{\"@id\":\"https:\\\/\\\/artencost.com\\\/#organization\"},\"potentialAction\":[{\"@type\":\"SearchAction\",\"target\":{\"@type\":\"EntryPoint\",\"urlTemplate\":\"https:\\\/\\\/artencost.com\\\/?s={search_term_string}\"},\"query-input\":{\"@type\":\"PropertyValueSpecification\",\"valueRequired\":true,\"valueName\":\"search_term_string\"}}],\"inLanguage\":\"eu\"},{\"@type\":\"Organization\",\"@id\":\"https:\\\/\\\/artencost.com\\\/#organization\",\"name\":\"ArtenCost\",\"url\":\"https:\\\/\\\/artencost.com\\\/\",\"logo\":{\"@type\":\"ImageObject\",\"inLanguage\":\"eu\",\"@id\":\"https:\\\/\\\/artencost.com\\\/#\\\/schema\\\/logo\\\/image\\\/\",\"url\":\"https:\\\/\\\/artencost.com\\\/wp-content\\\/uploads\\\/2025\\\/07\\\/cropped-Artncost-Logo_Mesa-de-trabajo-1.png\",\"contentUrl\":\"https:\\\/\\\/artencost.com\\\/wp-content\\\/uploads\\\/2025\\\/07\\\/cropped-Artncost-Logo_Mesa-de-trabajo-1.png\",\"width\":1080,\"height\":1080,\"caption\":\"ArtenCost \"},\"image\":{\"@id\":\"https:\\\/\\\/artencost.com\\\/#\\\/schema\\\/logo\\\/image\\\/\"}}]}<\/script>\n<!-- \/ Yoast SEO plugin. -->","yoast_head_json":{"title":"M\u00e1quina Coser PFAFF SELECT 3.2 - ArtenCost","robots":{"index":"index","follow":"follow","max-snippet":"max-snippet:-1","max-image-preview":"max-image-preview:large","max-video-preview":"max-video-preview:-1"},"canonical":"https:\/\/artencost.com\/eu\/produktua\/maquina-coser-pfaff-select-3-2\/","og_locale":"en_US","og_type":"article","og_title":"M\u00e1quina Coser PFAFF SELECT 3.2 - ArtenCost","og_description":"La fuerza de penetraci\u00f3n de la aguja en los materiales m\u00e1s duros siempre es constante incluso a baja velocidad, con tejidos gruesos y con muchas capas de tejido .  Ganchillo giratorio vertical id\u00e9ntico a los montados en m\u00e1quinas profesionales , sistema IDT para el transporte uniforme del tejido desde arriba y desde abajo , la elecci\u00f3n \u00f3ptima para coser f\u00e1cil y sin problemas .  Posici\u00f3n de la aguja ajustable seg\u00fan se desee para costuras perfectas y costuras incluso en los bordes.  &nbsp;  Manual descarga:  https:\/\/www.singer.com\/es-ca\/pages\/product-manuals-for-singer-pfaff-and-husqvarna-viking-sewing-machines?","og_url":"https:\/\/artencost.com\/eu\/produktua\/maquina-coser-pfaff-select-3-2\/","og_site_name":"ArtenCost","og_image":[{"width":800,"height":800,"url":"https:\/\/artencost.com\/wp-content\/uploads\/2025\/09\/maquina-coser-pfaff-select-32.jpg","type":"image\/jpeg"}],"twitter_card":"summary_large_image","twitter_misc":{"Est. reading time":"1 minutua"},"schema":{"@context":"https:\/\/schema.org","@graph":[{"@type":"WebPage","@id":"https:\/\/artencost.com\/producto\/maquina-coser-pfaff-select-3-2\/","url":"https:\/\/artencost.com\/producto\/maquina-coser-pfaff-select-3-2\/","name":"M\u00e1quina Coser PFAFF SELECT 3.2 - ArtenCost","isPartOf":{"@id":"https:\/\/artencost.com\/#website"},"primaryImageOfPage":{"@id":"https:\/\/artencost.com\/producto\/maquina-coser-pfaff-select-3-2\/#primaryimage"},"image":{"@id":"https:\/\/artencost.com\/producto\/maquina-coser-pfaff-select-3-2\/#primaryimage"},"thumbnailUrl":"https:\/\/artencost.com\/wp-content\/uploads\/2025\/09\/maquina-coser-pfaff-select-32.jpg","datePublished":"2025-09-26T14:01:37+00:00","breadcrumb":{"@id":"https:\/\/artencost.com\/producto\/maquina-coser-pfaff-select-3-2\/#breadcrumb"},"inLanguage":"eu","potentialAction":[{"@type":"ReadAction","target":["https:\/\/artencost.com\/producto\/maquina-coser-pfaff-select-3-2\/"]}]},{"@type":"ImageObject","inLanguage":"eu","@id":"https:\/\/artencost.com\/producto\/maquina-coser-pfaff-select-3-2\/#primaryimage","url":"https:\/\/artencost.com\/wp-content\/uploads\/2025\/09\/maquina-coser-pfaff-select-32.jpg","contentUrl":"https:\/\/artencost.com\/wp-content\/uploads\/2025\/09\/maquina-coser-pfaff-select-32.jpg","width":800,"height":800},{"@type":"BreadcrumbList","@id":"https:\/\/artencost.com\/producto\/maquina-coser-pfaff-select-3-2\/#breadcrumb","itemListElement":[{"@type":"ListItem","position":1,"name":"Portada","item":"https:\/\/artencost.com\/"},{"@type":"ListItem","position":2,"name":"Tienda","item":"https:\/\/artencost.com\/tienda\/"},{"@type":"ListItem","position":3,"name":"M\u00e1quina Coser PFAFF SELECT 3.2"}]},{"@type":"WebSite","@id":"https:\/\/artencost.com\/#website","url":"https:\/\/artencost.com\/","name":"ArtenCost","description":"","publisher":{"@id":"https:\/\/artencost.com\/#organization"},"potentialAction":[{"@type":"SearchAction","target":{"@type":"EntryPoint","urlTemplate":"https:\/\/artencost.com\/?s={search_term_string}"},"query-input":{"@type":"PropertyValueSpecification","valueRequired":true,"valueName":"search_term_string"}}],"inLanguage":"eu"},{"@type":"Organization","@id":"https:\/\/artencost.com\/#organization","name":"ArtenCost","url":"https:\/\/artencost.com\/","logo":{"@type":"ImageObject","inLanguage":"eu","@id":"https:\/\/artencost.com\/#\/schema\/logo\/image\/","url":"https:\/\/artencost.com\/wp-content\/uploads\/2025\/07\/cropped-Artncost-Logo_Mesa-de-trabajo-1.png","contentUrl":"https:\/\/artencost.com\/wp-content\/uploads\/2025\/07\/cropped-Artncost-Logo_Mesa-de-trabajo-1.png","width":1080,"height":1080,"caption":"ArtenCost "},"image":{"@id":"https:\/\/artencost.com\/#\/schema\/logo\/image\/"}}]}},"_links":{"self":[{"href":"https:\/\/artencost.com\/eu\/wp-json\/wp\/v2\/product\/384","targetHints":{"allow":["GET"]}}],"collection":[{"href":"https:\/\/artencost.com\/eu\/wp-json\/wp\/v2\/product"}],"about":[{"href":"https:\/\/artencost.com\/eu\/wp-json\/wp\/v2\/types\/product"}],"replies":[{"embeddable":true,"href":"https:\/\/artencost.com\/eu\/wp-json\/wp\/v2\/comments?post=384"}],"wp:featuredmedia":[{"embeddable":true,"href":"https:\/\/artencost.com\/eu\/wp-json\/wp\/v2\/media\/385"}],"wp:attachment":[{"href":"https:\/\/artencost.com\/eu\/wp-json\/wp\/v2\/media?parent=384"}],"wp:term":[{"taxonomy":"product_brand","embeddable":true,"href":"https:\/\/artencost.com\/eu\/wp-json\/wp\/v2\/product_brand?post=384"},{"taxonomy":"product_cat","embeddable":true,"href":"https:\/\/artencost.com\/eu\/wp-json\/wp\/v2\/product_cat?post=384"},{"taxonomy":"product_tag","embeddable":true,"href":"https:\/\/artencost.com\/eu\/wp-json\/wp\/v2\/product_tag?post=384"}],"curies":[{"name":"wp","href":"https:\/\/api.w.org\/{rel}","templated":true}]}}