{"id":395,"date":"2025-09-26T14:05:30","date_gmt":"2025-09-26T14:05:30","guid":{"rendered":"https:\/\/artencost.com\/?post_type=product&#038;p=395"},"modified":"2025-09-26T14:06:49","modified_gmt":"2025-09-26T14:06:49","slug":"maquina-coser-remalladora-sigma-515","status":"publish","type":"product","link":"https:\/\/artencost.com\/eu\/produktua\/maquina-coser-remalladora-sigma-515\/","title":{"rendered":"M\u00e1quina Coser Remalladora SIGMA 515"},"content":{"rendered":"<p>&#8211; 6 puntadas b\u00e1sicas.<br \/>\n&#8211; Costura overlock de 4 hilos: puntada resistente y el\u00e1stica para unir tejidos de punto y tejidos planos.<br \/>\n&#8211; Costura overlock est\u00e1ndar de 3 hilos: ideal para un acabado impecable de los bordes.<br \/>\n&#8211; Costura flatlock de 3 hilos: puntada decorativa para unir tejidos planos.<br \/>\n&#8211; Costura overlock de 3 hilos con borde envuelto: acabado delicado para tejidos ligeros.<br \/>\n&#8211; Costura overlock de 2 hilos: adecuado para tejidos ligeros y de grosor medio.<br \/>\n&#8211; Dobladillo enrollado de 2 hilos (repulgo): perfecto para volantes y tejidos finos.<br \/>\n&#8211; Transporte diferencial ajustable (0,7 mm &#8211; 2,0 mm) para una costura perfecta tanto de tejidos de punto el\u00e1sticos como de tejidos delicados.<br \/>\n&#8211; Ajuste preciso de la longitud de puntada (0,8 mm &#8211; 4,0 mm) y del ancho de corte (3 mm 9 mm).<br \/>\n&#8211; Control autom\u00e1tico de la tensi\u00f3n del hilo para puntadas uniformes y resultados perfectos.<br \/>\n&#8211; Velocidad m\u00e1xima de costura: 1.200 puntadas por minuto.<br \/>\n&#8211; Servomotor de bajo consumo de hasta 100 w, funcionamiento silencioso y potente.<br \/>\n&#8211; Moderna iluminaci\u00f3n LED para un trabajo c\u00f3modo incluso con poca luz.<br \/>\n&#8211; Sistema de seguridad con sensor de apertura de la tapa y prensatelas elevado.<br \/>\n&#8211; Contenedor de residuos de tela.<br \/>\n&#8211; Mesa para ampliar el \u00e1rea de trabajo.<\/p>","protected":false},"excerpt":{"rendered":"<p>&#8211; 6 puntadas b\u00e1sicas.<br \/>\n&#8211; Costura overlock de 4 hilos: puntada resistente y el\u00e1stica para unir tejidos de punto y tejidos planos.<br \/>\n&#8211; Costura overlock est\u00e1ndar de 3 hilos: ideal para un acabado impecable de los bordes.<br \/>\n&#8211; Costura flatlock de 3 hilos: puntada decorativa para unir tejidos planos.<br \/>\n&#8211; Costura overlock de 3 hilos con borde envuelto: acabado delicado para tejidos ligeros.<br \/>\n&#8211; Costura overlock de 2 hilos: adecuado para tejidos ligeros y de grosor medio.<br \/>\n&#8211; Dobladillo enrollado de 2 hilos (repulgo): perfecto para volantes y tejidos finos.<br \/>\n&#8211; Transporte diferencial ajustable (0,7 mm &#8211; 2,0 mm) para una costura perfecta tanto de tejidos de punto el\u00e1sticos como de tejidos delicados.<br \/>\n&#8211; Ajuste preciso de la longitud de puntada (0,8 mm &#8211; 4,0 mm) y del ancho de corte (3 mm 9 mm).<br \/>\n&#8211; Control autom\u00e1tico de la tensi\u00f3n del hilo para puntadas uniformes y resultados perfectos.<br \/>\n&#8211; Velocidad m\u00e1xima de costura: 1.200 puntadas por minuto.<br \/>\n&#8211; Servomotor de bajo consumo de hasta 100 w, funcionamiento silencioso y potente.<br \/>\n&#8211; Moderna iluminaci\u00f3n LED para un trabajo c\u00f3modo incluso con poca luz.<br \/>\n&#8211; Sistema de seguridad con sensor de apertura de la tapa y prensatelas elevado.<br \/>\n&#8211; Contenedor de residuos de tela.<br \/>\n&#8211; Mesa para ampliar el \u00e1rea de trabajo.<\/p>","protected":false},"featured_media":396,"comment_status":"open","ping_status":"closed","template":"","meta":[],"product_brand":[],"product_cat":[23],"product_tag":[],"class_list":{"0":"post-395","1":"product","2":"type-product","3":"status-publish","4":"has-post-thumbnail","6":"product_cat-remalladora","8":"first","9":"instock","10":"shipping-taxable","11":"purchasable","12":"product-type-simple"},"yoast_head":"<!-- This site is optimized with the Yoast SEO plugin v27.5 - https:\/\/yoast.com\/product\/yoast-seo-wordpress\/ -->\n<title>M\u00e1quina Coser Remalladora SIGMA 515 - ArtenCost<\/title>\n<meta name=\"robots\" content=\"index, follow, max-snippet:-1, max-image-preview:large, max-video-preview:-1\" \/>\n<link rel=\"canonical\" href=\"https:\/\/artencost.com\/eu\/produktua\/maquina-coser-remalladora-sigma-515\/\" \/>\n<meta property=\"og:locale\" content=\"en_US\" \/>\n<meta property=\"og:type\" content=\"article\" \/>\n<meta property=\"og:title\" content=\"M\u00e1quina Coser Remalladora SIGMA 515 - ArtenCost\" \/>\n<meta property=\"og:description\" content=\"- 6 puntadas b\u00e1sicas. - Costura overlock de 4 hilos: puntada resistente y el\u00e1stica para unir tejidos de punto y tejidos planos. - Costura overlock est\u00e1ndar de 3 hilos: ideal para un acabado impecable de los bordes. - Costura flatlock de 3 hilos: puntada decorativa para unir tejidos planos. - Costura overlock de 3 hilos con borde envuelto: acabado delicado para tejidos ligeros. - Costura overlock de 2 hilos: adecuado para tejidos ligeros y de grosor medio. - Dobladillo enrollado de 2 hilos (repulgo): perfecto para volantes y tejidos finos. - Transporte diferencial ajustable (0,7 mm - 2,0 mm) para una costura perfecta tanto de tejidos de punto el\u00e1sticos como de tejidos delicados. - Ajuste preciso de la longitud de puntada (0,8 mm - 4,0 mm) y del ancho de corte (3 mm 9 mm). - Control autom\u00e1tico de la tensi\u00f3n del hilo para puntadas uniformes y resultados perfectos. - Velocidad m\u00e1xima de costura: 1.200 puntadas por minuto. - Servomotor de bajo consumo de hasta 100 w, funcionamiento silencioso y potente. - Moderna iluminaci\u00f3n LED para un trabajo c\u00f3modo incluso con poca luz. - Sistema de seguridad con sensor de apertura de la tapa y prensatelas elevado. - Contenedor de residuos de tela. - Mesa para ampliar el \u00e1rea de trabajo.\" \/>\n<meta property=\"og:url\" content=\"https:\/\/artencost.com\/eu\/produktua\/maquina-coser-remalladora-sigma-515\/\" \/>\n<meta property=\"og:site_name\" content=\"ArtenCost\" \/>\n<meta property=\"article:modified_time\" content=\"2025-09-26T14:06:49+00:00\" \/>\n<meta property=\"og:image\" content=\"https:\/\/artencost.com\/wp-content\/uploads\/2025\/09\/maquina-coser-remalladora-sigma-515.jpg\" \/>\n\t<meta property=\"og:image:width\" content=\"800\" \/>\n\t<meta property=\"og:image:height\" content=\"800\" \/>\n\t<meta property=\"og:image:type\" content=\"image\/jpeg\" \/>\n<meta name=\"twitter:card\" content=\"summary_large_image\" \/>\n<meta name=\"twitter:label1\" content=\"Est. reading time\" \/>\n\t<meta name=\"twitter:data1\" content=\"2 minutua\" \/>\n<script type=\"application\/ld+json\" class=\"yoast-schema-graph\">{\"@context\":\"https:\\\/\\\/schema.org\",\"@graph\":[{\"@type\":\"WebPage\",\"@id\":\"https:\\\/\\\/artencost.com\\\/producto\\\/maquina-coser-remalladora-sigma-515\\\/\",\"url\":\"https:\\\/\\\/artencost.com\\\/producto\\\/maquina-coser-remalladora-sigma-515\\\/\",\"name\":\"M\u00e1quina Coser Remalladora SIGMA 515 - ArtenCost\",\"isPartOf\":{\"@id\":\"https:\\\/\\\/artencost.com\\\/#website\"},\"primaryImageOfPage\":{\"@id\":\"https:\\\/\\\/artencost.com\\\/producto\\\/maquina-coser-remalladora-sigma-515\\\/#primaryimage\"},\"image\":{\"@id\":\"https:\\\/\\\/artencost.com\\\/producto\\\/maquina-coser-remalladora-sigma-515\\\/#primaryimage\"},\"thumbnailUrl\":\"https:\\\/\\\/artencost.com\\\/wp-content\\\/uploads\\\/2025\\\/09\\\/maquina-coser-remalladora-sigma-515.jpg\",\"datePublished\":\"2025-09-26T14:05:30+00:00\",\"dateModified\":\"2025-09-26T14:06:49+00:00\",\"breadcrumb\":{\"@id\":\"https:\\\/\\\/artencost.com\\\/producto\\\/maquina-coser-remalladora-sigma-515\\\/#breadcrumb\"},\"inLanguage\":\"eu\",\"potentialAction\":[{\"@type\":\"ReadAction\",\"target\":[\"https:\\\/\\\/artencost.com\\\/producto\\\/maquina-coser-remalladora-sigma-515\\\/\"]}]},{\"@type\":\"ImageObject\",\"inLanguage\":\"eu\",\"@id\":\"https:\\\/\\\/artencost.com\\\/producto\\\/maquina-coser-remalladora-sigma-515\\\/#primaryimage\",\"url\":\"https:\\\/\\\/artencost.com\\\/wp-content\\\/uploads\\\/2025\\\/09\\\/maquina-coser-remalladora-sigma-515.jpg\",\"contentUrl\":\"https:\\\/\\\/artencost.com\\\/wp-content\\\/uploads\\\/2025\\\/09\\\/maquina-coser-remalladora-sigma-515.jpg\",\"width\":800,\"height\":800},{\"@type\":\"BreadcrumbList\",\"@id\":\"https:\\\/\\\/artencost.com\\\/producto\\\/maquina-coser-remalladora-sigma-515\\\/#breadcrumb\",\"itemListElement\":[{\"@type\":\"ListItem\",\"position\":1,\"name\":\"Portada\",\"item\":\"https:\\\/\\\/artencost.com\\\/\"},{\"@type\":\"ListItem\",\"position\":2,\"name\":\"Tienda\",\"item\":\"https:\\\/\\\/artencost.com\\\/tienda\\\/\"},{\"@type\":\"ListItem\",\"position\":3,\"name\":\"M\u00e1quina Coser Remalladora SIGMA 515\"}]},{\"@type\":\"WebSite\",\"@id\":\"https:\\\/\\\/artencost.com\\\/#website\",\"url\":\"https:\\\/\\\/artencost.com\\\/\",\"name\":\"ArtenCost\",\"description\":\"\",\"publisher\":{\"@id\":\"https:\\\/\\\/artencost.com\\\/#organization\"},\"potentialAction\":[{\"@type\":\"SearchAction\",\"target\":{\"@type\":\"EntryPoint\",\"urlTemplate\":\"https:\\\/\\\/artencost.com\\\/?s={search_term_string}\"},\"query-input\":{\"@type\":\"PropertyValueSpecification\",\"valueRequired\":true,\"valueName\":\"search_term_string\"}}],\"inLanguage\":\"eu\"},{\"@type\":\"Organization\",\"@id\":\"https:\\\/\\\/artencost.com\\\/#organization\",\"name\":\"ArtenCost\",\"url\":\"https:\\\/\\\/artencost.com\\\/\",\"logo\":{\"@type\":\"ImageObject\",\"inLanguage\":\"eu\",\"@id\":\"https:\\\/\\\/artencost.com\\\/#\\\/schema\\\/logo\\\/image\\\/\",\"url\":\"https:\\\/\\\/artencost.com\\\/wp-content\\\/uploads\\\/2025\\\/07\\\/cropped-Artncost-Logo_Mesa-de-trabajo-1.png\",\"contentUrl\":\"https:\\\/\\\/artencost.com\\\/wp-content\\\/uploads\\\/2025\\\/07\\\/cropped-Artncost-Logo_Mesa-de-trabajo-1.png\",\"width\":1080,\"height\":1080,\"caption\":\"ArtenCost \"},\"image\":{\"@id\":\"https:\\\/\\\/artencost.com\\\/#\\\/schema\\\/logo\\\/image\\\/\"}}]}<\/script>\n<!-- \/ Yoast SEO plugin. -->","yoast_head_json":{"title":"M\u00e1quina Coser Remalladora SIGMA 515 - ArtenCost","robots":{"index":"index","follow":"follow","max-snippet":"max-snippet:-1","max-image-preview":"max-image-preview:large","max-video-preview":"max-video-preview:-1"},"canonical":"https:\/\/artencost.com\/eu\/produktua\/maquina-coser-remalladora-sigma-515\/","og_locale":"en_US","og_type":"article","og_title":"M\u00e1quina Coser Remalladora SIGMA 515 - ArtenCost","og_description":"- 6 puntadas b\u00e1sicas. - Costura overlock de 4 hilos: puntada resistente y el\u00e1stica para unir tejidos de punto y tejidos planos. - Costura overlock est\u00e1ndar de 3 hilos: ideal para un acabado impecable de los bordes. - Costura flatlock de 3 hilos: puntada decorativa para unir tejidos planos. - Costura overlock de 3 hilos con borde envuelto: acabado delicado para tejidos ligeros. - Costura overlock de 2 hilos: adecuado para tejidos ligeros y de grosor medio. - Dobladillo enrollado de 2 hilos (repulgo): perfecto para volantes y tejidos finos. - Transporte diferencial ajustable (0,7 mm - 2,0 mm) para una costura perfecta tanto de tejidos de punto el\u00e1sticos como de tejidos delicados. - Ajuste preciso de la longitud de puntada (0,8 mm - 4,0 mm) y del ancho de corte (3 mm 9 mm). - Control autom\u00e1tico de la tensi\u00f3n del hilo para puntadas uniformes y resultados perfectos. - Velocidad m\u00e1xima de costura: 1.200 puntadas por minuto. - Servomotor de bajo consumo de hasta 100 w, funcionamiento silencioso y potente. - Moderna iluminaci\u00f3n LED para un trabajo c\u00f3modo incluso con poca luz. - Sistema de seguridad con sensor de apertura de la tapa y prensatelas elevado. - Contenedor de residuos de tela. - Mesa para ampliar el \u00e1rea de trabajo.","og_url":"https:\/\/artencost.com\/eu\/produktua\/maquina-coser-remalladora-sigma-515\/","og_site_name":"ArtenCost","article_modified_time":"2025-09-26T14:06:49+00:00","og_image":[{"width":800,"height":800,"url":"https:\/\/artencost.com\/wp-content\/uploads\/2025\/09\/maquina-coser-remalladora-sigma-515.jpg","type":"image\/jpeg"}],"twitter_card":"summary_large_image","twitter_misc":{"Est. reading time":"2 minutua"},"schema":{"@context":"https:\/\/schema.org","@graph":[{"@type":"WebPage","@id":"https:\/\/artencost.com\/producto\/maquina-coser-remalladora-sigma-515\/","url":"https:\/\/artencost.com\/producto\/maquina-coser-remalladora-sigma-515\/","name":"M\u00e1quina Coser Remalladora SIGMA 515 - ArtenCost","isPartOf":{"@id":"https:\/\/artencost.com\/#website"},"primaryImageOfPage":{"@id":"https:\/\/artencost.com\/producto\/maquina-coser-remalladora-sigma-515\/#primaryimage"},"image":{"@id":"https:\/\/artencost.com\/producto\/maquina-coser-remalladora-sigma-515\/#primaryimage"},"thumbnailUrl":"https:\/\/artencost.com\/wp-content\/uploads\/2025\/09\/maquina-coser-remalladora-sigma-515.jpg","datePublished":"2025-09-26T14:05:30+00:00","dateModified":"2025-09-26T14:06:49+00:00","breadcrumb":{"@id":"https:\/\/artencost.com\/producto\/maquina-coser-remalladora-sigma-515\/#breadcrumb"},"inLanguage":"eu","potentialAction":[{"@type":"ReadAction","target":["https:\/\/artencost.com\/producto\/maquina-coser-remalladora-sigma-515\/"]}]},{"@type":"ImageObject","inLanguage":"eu","@id":"https:\/\/artencost.com\/producto\/maquina-coser-remalladora-sigma-515\/#primaryimage","url":"https:\/\/artencost.com\/wp-content\/uploads\/2025\/09\/maquina-coser-remalladora-sigma-515.jpg","contentUrl":"https:\/\/artencost.com\/wp-content\/uploads\/2025\/09\/maquina-coser-remalladora-sigma-515.jpg","width":800,"height":800},{"@type":"BreadcrumbList","@id":"https:\/\/artencost.com\/producto\/maquina-coser-remalladora-sigma-515\/#breadcrumb","itemListElement":[{"@type":"ListItem","position":1,"name":"Portada","item":"https:\/\/artencost.com\/"},{"@type":"ListItem","position":2,"name":"Tienda","item":"https:\/\/artencost.com\/tienda\/"},{"@type":"ListItem","position":3,"name":"M\u00e1quina Coser Remalladora SIGMA 515"}]},{"@type":"WebSite","@id":"https:\/\/artencost.com\/#website","url":"https:\/\/artencost.com\/","name":"ArtenCost","description":"","publisher":{"@id":"https:\/\/artencost.com\/#organization"},"potentialAction":[{"@type":"SearchAction","target":{"@type":"EntryPoint","urlTemplate":"https:\/\/artencost.com\/?s={search_term_string}"},"query-input":{"@type":"PropertyValueSpecification","valueRequired":true,"valueName":"search_term_string"}}],"inLanguage":"eu"},{"@type":"Organization","@id":"https:\/\/artencost.com\/#organization","name":"ArtenCost","url":"https:\/\/artencost.com\/","logo":{"@type":"ImageObject","inLanguage":"eu","@id":"https:\/\/artencost.com\/#\/schema\/logo\/image\/","url":"https:\/\/artencost.com\/wp-content\/uploads\/2025\/07\/cropped-Artncost-Logo_Mesa-de-trabajo-1.png","contentUrl":"https:\/\/artencost.com\/wp-content\/uploads\/2025\/07\/cropped-Artncost-Logo_Mesa-de-trabajo-1.png","width":1080,"height":1080,"caption":"ArtenCost "},"image":{"@id":"https:\/\/artencost.com\/#\/schema\/logo\/image\/"}}]}},"_links":{"self":[{"href":"https:\/\/artencost.com\/eu\/wp-json\/wp\/v2\/product\/395","targetHints":{"allow":["GET"]}}],"collection":[{"href":"https:\/\/artencost.com\/eu\/wp-json\/wp\/v2\/product"}],"about":[{"href":"https:\/\/artencost.com\/eu\/wp-json\/wp\/v2\/types\/product"}],"replies":[{"embeddable":true,"href":"https:\/\/artencost.com\/eu\/wp-json\/wp\/v2\/comments?post=395"}],"wp:featuredmedia":[{"embeddable":true,"href":"https:\/\/artencost.com\/eu\/wp-json\/wp\/v2\/media\/396"}],"wp:attachment":[{"href":"https:\/\/artencost.com\/eu\/wp-json\/wp\/v2\/media?parent=395"}],"wp:term":[{"taxonomy":"product_brand","embeddable":true,"href":"https:\/\/artencost.com\/eu\/wp-json\/wp\/v2\/product_brand?post=395"},{"taxonomy":"product_cat","embeddable":true,"href":"https:\/\/artencost.com\/eu\/wp-json\/wp\/v2\/product_cat?post=395"},{"taxonomy":"product_tag","embeddable":true,"href":"https:\/\/artencost.com\/eu\/wp-json\/wp\/v2\/product_tag?post=395"}],"curies":[{"name":"wp","href":"https:\/\/api.w.org\/{rel}","templated":true}]}}