{"id":397,"date":"2025-09-26T14:06:08","date_gmt":"2025-09-26T14:06:08","guid":{"rendered":"https:\/\/artencost.com\/?post_type=product&#038;p=397"},"modified":"2025-09-26T14:06:31","modified_gmt":"2025-09-26T14:06:31","slug":"maquina-coser-sigma-325","status":"publish","type":"product","link":"https:\/\/artencost.com\/eu\/produktua\/maquina-coser-sigma-325\/","title":{"rendered":"M\u00e1quina Coser SIGMA 325"},"content":{"rendered":"<p>SIGMA Modelo 325<br \/>\nRef. SIGMA325<br \/>\n&#8211; M\u00e1quina overlock.<br \/>\n&#8211; Longitud de la puntada: 1 &#8211; 5 mm.<br \/>\n&#8211; Anchura m\u00e1xima de puntada: 6 mm.<br \/>\n&#8211; Altura m\u00e1xima de prensatelas: 6 mm.<br \/>\n&#8211; Presi\u00f3n de prensatelas ajustable.<br \/>\n&#8211; Cortador de hilo integrado y mec\u00e1nico.<\/p>","protected":false},"excerpt":{"rendered":"<p>SIGMA Modelo 325<br \/>\nRef. SIGMA325<br \/>\n&#8211; M\u00e1quina overlock.<br \/>\n&#8211; Longitud de la puntada: 1 &#8211; 5 mm.<br \/>\n&#8211; Anchura m\u00e1xima de puntada: 6 mm.<br \/>\n&#8211; Altura m\u00e1xima de prensatelas: 6 mm.<br \/>\n&#8211; Presi\u00f3n de prensatelas ajustable.<br \/>\n&#8211; Cortador de hilo integrado y mec\u00e1nico.<\/p>","protected":false},"featured_media":398,"comment_status":"open","ping_status":"closed","template":"","meta":[],"product_brand":[],"product_cat":[23],"product_tag":[],"class_list":{"0":"post-397","1":"product","2":"type-product","3":"status-publish","4":"has-post-thumbnail","6":"product_cat-remalladora","8":"first","9":"instock","10":"shipping-taxable","11":"purchasable","12":"product-type-simple"},"yoast_head":"<!-- This site is optimized with the Yoast SEO plugin v27.5 - https:\/\/yoast.com\/product\/yoast-seo-wordpress\/ -->\n<title>M\u00e1quina Coser SIGMA 325 - ArtenCost<\/title>\n<meta name=\"robots\" content=\"index, follow, max-snippet:-1, max-image-preview:large, max-video-preview:-1\" \/>\n<link rel=\"canonical\" href=\"https:\/\/artencost.com\/eu\/produktua\/maquina-coser-sigma-325\/\" \/>\n<meta property=\"og:locale\" content=\"en_US\" \/>\n<meta property=\"og:type\" content=\"article\" \/>\n<meta property=\"og:title\" content=\"M\u00e1quina Coser SIGMA 325 - ArtenCost\" \/>\n<meta property=\"og:description\" content=\"SIGMA Modelo 325 Ref. SIGMA325 - M\u00e1quina overlock. - Longitud de la puntada: 1 - 5 mm. - Anchura m\u00e1xima de puntada: 6 mm. - Altura m\u00e1xima de prensatelas: 6 mm. - Presi\u00f3n de prensatelas ajustable. - Cortador de hilo integrado y mec\u00e1nico.\" \/>\n<meta property=\"og:url\" content=\"https:\/\/artencost.com\/eu\/produktua\/maquina-coser-sigma-325\/\" \/>\n<meta property=\"og:site_name\" content=\"ArtenCost\" \/>\n<meta property=\"article:modified_time\" content=\"2025-09-26T14:06:31+00:00\" \/>\n<meta property=\"og:image\" content=\"https:\/\/artencost.com\/wp-content\/uploads\/2025\/09\/maquina-coser-sigma-325.jpg\" \/>\n\t<meta property=\"og:image:width\" content=\"800\" \/>\n\t<meta property=\"og:image:height\" content=\"800\" \/>\n\t<meta property=\"og:image:type\" content=\"image\/jpeg\" \/>\n<meta name=\"twitter:card\" content=\"summary_large_image\" \/>\n<meta name=\"twitter:label1\" content=\"Est. reading time\" \/>\n\t<meta name=\"twitter:data1\" content=\"1 minutua\" \/>\n<script type=\"application\/ld+json\" class=\"yoast-schema-graph\">{\"@context\":\"https:\\\/\\\/schema.org\",\"@graph\":[{\"@type\":\"WebPage\",\"@id\":\"https:\\\/\\\/artencost.com\\\/producto\\\/maquina-coser-sigma-325\\\/\",\"url\":\"https:\\\/\\\/artencost.com\\\/producto\\\/maquina-coser-sigma-325\\\/\",\"name\":\"M\u00e1quina Coser SIGMA 325 - ArtenCost\",\"isPartOf\":{\"@id\":\"https:\\\/\\\/artencost.com\\\/#website\"},\"primaryImageOfPage\":{\"@id\":\"https:\\\/\\\/artencost.com\\\/producto\\\/maquina-coser-sigma-325\\\/#primaryimage\"},\"image\":{\"@id\":\"https:\\\/\\\/artencost.com\\\/producto\\\/maquina-coser-sigma-325\\\/#primaryimage\"},\"thumbnailUrl\":\"https:\\\/\\\/artencost.com\\\/wp-content\\\/uploads\\\/2025\\\/09\\\/maquina-coser-sigma-325.jpg\",\"datePublished\":\"2025-09-26T14:06:08+00:00\",\"dateModified\":\"2025-09-26T14:06:31+00:00\",\"breadcrumb\":{\"@id\":\"https:\\\/\\\/artencost.com\\\/producto\\\/maquina-coser-sigma-325\\\/#breadcrumb\"},\"inLanguage\":\"eu\",\"potentialAction\":[{\"@type\":\"ReadAction\",\"target\":[\"https:\\\/\\\/artencost.com\\\/producto\\\/maquina-coser-sigma-325\\\/\"]}]},{\"@type\":\"ImageObject\",\"inLanguage\":\"eu\",\"@id\":\"https:\\\/\\\/artencost.com\\\/producto\\\/maquina-coser-sigma-325\\\/#primaryimage\",\"url\":\"https:\\\/\\\/artencost.com\\\/wp-content\\\/uploads\\\/2025\\\/09\\\/maquina-coser-sigma-325.jpg\",\"contentUrl\":\"https:\\\/\\\/artencost.com\\\/wp-content\\\/uploads\\\/2025\\\/09\\\/maquina-coser-sigma-325.jpg\",\"width\":800,\"height\":800},{\"@type\":\"BreadcrumbList\",\"@id\":\"https:\\\/\\\/artencost.com\\\/producto\\\/maquina-coser-sigma-325\\\/#breadcrumb\",\"itemListElement\":[{\"@type\":\"ListItem\",\"position\":1,\"name\":\"Portada\",\"item\":\"https:\\\/\\\/artencost.com\\\/\"},{\"@type\":\"ListItem\",\"position\":2,\"name\":\"Tienda\",\"item\":\"https:\\\/\\\/artencost.com\\\/tienda\\\/\"},{\"@type\":\"ListItem\",\"position\":3,\"name\":\"M\u00e1quina Coser SIGMA 325\"}]},{\"@type\":\"WebSite\",\"@id\":\"https:\\\/\\\/artencost.com\\\/#website\",\"url\":\"https:\\\/\\\/artencost.com\\\/\",\"name\":\"ArtenCost\",\"description\":\"\",\"publisher\":{\"@id\":\"https:\\\/\\\/artencost.com\\\/#organization\"},\"potentialAction\":[{\"@type\":\"SearchAction\",\"target\":{\"@type\":\"EntryPoint\",\"urlTemplate\":\"https:\\\/\\\/artencost.com\\\/?s={search_term_string}\"},\"query-input\":{\"@type\":\"PropertyValueSpecification\",\"valueRequired\":true,\"valueName\":\"search_term_string\"}}],\"inLanguage\":\"eu\"},{\"@type\":\"Organization\",\"@id\":\"https:\\\/\\\/artencost.com\\\/#organization\",\"name\":\"ArtenCost\",\"url\":\"https:\\\/\\\/artencost.com\\\/\",\"logo\":{\"@type\":\"ImageObject\",\"inLanguage\":\"eu\",\"@id\":\"https:\\\/\\\/artencost.com\\\/#\\\/schema\\\/logo\\\/image\\\/\",\"url\":\"https:\\\/\\\/artencost.com\\\/wp-content\\\/uploads\\\/2025\\\/07\\\/cropped-Artncost-Logo_Mesa-de-trabajo-1.png\",\"contentUrl\":\"https:\\\/\\\/artencost.com\\\/wp-content\\\/uploads\\\/2025\\\/07\\\/cropped-Artncost-Logo_Mesa-de-trabajo-1.png\",\"width\":1080,\"height\":1080,\"caption\":\"ArtenCost \"},\"image\":{\"@id\":\"https:\\\/\\\/artencost.com\\\/#\\\/schema\\\/logo\\\/image\\\/\"}}]}<\/script>\n<!-- \/ Yoast SEO plugin. -->","yoast_head_json":{"title":"M\u00e1quina Coser SIGMA 325 - ArtenCost","robots":{"index":"index","follow":"follow","max-snippet":"max-snippet:-1","max-image-preview":"max-image-preview:large","max-video-preview":"max-video-preview:-1"},"canonical":"https:\/\/artencost.com\/eu\/produktua\/maquina-coser-sigma-325\/","og_locale":"en_US","og_type":"article","og_title":"M\u00e1quina Coser SIGMA 325 - ArtenCost","og_description":"SIGMA Modelo 325 Ref. SIGMA325 - M\u00e1quina overlock. - Longitud de la puntada: 1 - 5 mm. - Anchura m\u00e1xima de puntada: 6 mm. - Altura m\u00e1xima de prensatelas: 6 mm. - Presi\u00f3n de prensatelas ajustable. - Cortador de hilo integrado y mec\u00e1nico.","og_url":"https:\/\/artencost.com\/eu\/produktua\/maquina-coser-sigma-325\/","og_site_name":"ArtenCost","article_modified_time":"2025-09-26T14:06:31+00:00","og_image":[{"width":800,"height":800,"url":"https:\/\/artencost.com\/wp-content\/uploads\/2025\/09\/maquina-coser-sigma-325.jpg","type":"image\/jpeg"}],"twitter_card":"summary_large_image","twitter_misc":{"Est. reading time":"1 minutua"},"schema":{"@context":"https:\/\/schema.org","@graph":[{"@type":"WebPage","@id":"https:\/\/artencost.com\/producto\/maquina-coser-sigma-325\/","url":"https:\/\/artencost.com\/producto\/maquina-coser-sigma-325\/","name":"M\u00e1quina Coser SIGMA 325 - ArtenCost","isPartOf":{"@id":"https:\/\/artencost.com\/#website"},"primaryImageOfPage":{"@id":"https:\/\/artencost.com\/producto\/maquina-coser-sigma-325\/#primaryimage"},"image":{"@id":"https:\/\/artencost.com\/producto\/maquina-coser-sigma-325\/#primaryimage"},"thumbnailUrl":"https:\/\/artencost.com\/wp-content\/uploads\/2025\/09\/maquina-coser-sigma-325.jpg","datePublished":"2025-09-26T14:06:08+00:00","dateModified":"2025-09-26T14:06:31+00:00","breadcrumb":{"@id":"https:\/\/artencost.com\/producto\/maquina-coser-sigma-325\/#breadcrumb"},"inLanguage":"eu","potentialAction":[{"@type":"ReadAction","target":["https:\/\/artencost.com\/producto\/maquina-coser-sigma-325\/"]}]},{"@type":"ImageObject","inLanguage":"eu","@id":"https:\/\/artencost.com\/producto\/maquina-coser-sigma-325\/#primaryimage","url":"https:\/\/artencost.com\/wp-content\/uploads\/2025\/09\/maquina-coser-sigma-325.jpg","contentUrl":"https:\/\/artencost.com\/wp-content\/uploads\/2025\/09\/maquina-coser-sigma-325.jpg","width":800,"height":800},{"@type":"BreadcrumbList","@id":"https:\/\/artencost.com\/producto\/maquina-coser-sigma-325\/#breadcrumb","itemListElement":[{"@type":"ListItem","position":1,"name":"Portada","item":"https:\/\/artencost.com\/"},{"@type":"ListItem","position":2,"name":"Tienda","item":"https:\/\/artencost.com\/tienda\/"},{"@type":"ListItem","position":3,"name":"M\u00e1quina Coser SIGMA 325"}]},{"@type":"WebSite","@id":"https:\/\/artencost.com\/#website","url":"https:\/\/artencost.com\/","name":"ArtenCost","description":"","publisher":{"@id":"https:\/\/artencost.com\/#organization"},"potentialAction":[{"@type":"SearchAction","target":{"@type":"EntryPoint","urlTemplate":"https:\/\/artencost.com\/?s={search_term_string}"},"query-input":{"@type":"PropertyValueSpecification","valueRequired":true,"valueName":"search_term_string"}}],"inLanguage":"eu"},{"@type":"Organization","@id":"https:\/\/artencost.com\/#organization","name":"ArtenCost","url":"https:\/\/artencost.com\/","logo":{"@type":"ImageObject","inLanguage":"eu","@id":"https:\/\/artencost.com\/#\/schema\/logo\/image\/","url":"https:\/\/artencost.com\/wp-content\/uploads\/2025\/07\/cropped-Artncost-Logo_Mesa-de-trabajo-1.png","contentUrl":"https:\/\/artencost.com\/wp-content\/uploads\/2025\/07\/cropped-Artncost-Logo_Mesa-de-trabajo-1.png","width":1080,"height":1080,"caption":"ArtenCost "},"image":{"@id":"https:\/\/artencost.com\/#\/schema\/logo\/image\/"}}]}},"_links":{"self":[{"href":"https:\/\/artencost.com\/eu\/wp-json\/wp\/v2\/product\/397","targetHints":{"allow":["GET"]}}],"collection":[{"href":"https:\/\/artencost.com\/eu\/wp-json\/wp\/v2\/product"}],"about":[{"href":"https:\/\/artencost.com\/eu\/wp-json\/wp\/v2\/types\/product"}],"replies":[{"embeddable":true,"href":"https:\/\/artencost.com\/eu\/wp-json\/wp\/v2\/comments?post=397"}],"wp:featuredmedia":[{"embeddable":true,"href":"https:\/\/artencost.com\/eu\/wp-json\/wp\/v2\/media\/398"}],"wp:attachment":[{"href":"https:\/\/artencost.com\/eu\/wp-json\/wp\/v2\/media?parent=397"}],"wp:term":[{"taxonomy":"product_brand","embeddable":true,"href":"https:\/\/artencost.com\/eu\/wp-json\/wp\/v2\/product_brand?post=397"},{"taxonomy":"product_cat","embeddable":true,"href":"https:\/\/artencost.com\/eu\/wp-json\/wp\/v2\/product_cat?post=397"},{"taxonomy":"product_tag","embeddable":true,"href":"https:\/\/artencost.com\/eu\/wp-json\/wp\/v2\/product_tag?post=397"}],"curies":[{"name":"wp","href":"https:\/\/api.w.org\/{rel}","templated":true}]}}