{"id":438,"date":"2025-10-03T08:19:58","date_gmt":"2025-10-03T08:19:58","guid":{"rendered":"https:\/\/artencost.com\/producto\/curso-presencial-4horas\/"},"modified":"2025-10-03T14:43:38","modified_gmt":"2025-10-03T14:43:38","slug":"curso-presencial-4horas","status":"publish","type":"product","link":"https:\/\/artencost.com\/eu\/produktua\/curso-presencial-4horas\/","title":{"rendered":"Curso Presencial &#8211; 4 horas"},"content":{"rendered":"<p><span style=\"color:red; font-weight:bold;\">\u00bfQu\u00e9 vas a aprender?<\/span><\/p>\n<p>\nConocer\u00e1s los tipos de puntadas e hilvanes, hacer ojales, coser vivos, zurcir y coser<br \/>\na mano, hacer remates, colocar cremalleras y muchos m\u00e1s truquitos.<br \/>\nTe familiarizar\u00e1s con las telas y los diferentes tejidos as\u00ed como a medirlos y cortarlos\u2026<br \/>\nAprender\u00e1s a hacer tu propia ropa a partir de Patrones ya creados y te guiar\u00e9 en todo<br \/>\nel proceso de confecci\u00f3n ya sea un complemento, prenda, arreglos de ropa\u2026<br \/>\nTrabajaremos a partir de patrones de revistas que tengo en el taller o con patrones que<br \/>\npuedes traer tu de revistas o impresos en pdf. Y a partir de \u00e9stos iremos construyendo tu<br \/>\nprenda o complemento\n<\/p>\n<p><span style=\"color:red; font-weight:bold;\">\u00bfQu\u00e9 puedes crear?<\/span><\/p>\n<p>\nComplementos de ropa, Arreglos de ropa y Customizaci\u00f3n, Ropa de casa, Ropa para ti,<br \/>\npara \u00e9l o para los m\u00e1s peques.<br \/>\nDependiendo del nivel que tengas, nos plantearemos empezar por proyectos de iniciaci\u00f3n<br \/>\ntipo complementos de ropa, accesorios, arreglos de ropa o pasar directamente a prendas.<br \/>\nAprender\u00e1s todo el proceso de confecci\u00f3n, desde la marcada del patr\u00f3n, corte de la<br \/>\nprenda, montaje y t\u00e9cnicas de costura.<br \/>\nNo hay un contenido estricto ni programado, podr\u00e1s hacer los proyectos que m\u00e1s te<br \/>\ngusten y que sean acorde a tu nievel \ud83d\ude42\n<\/p>\n<p><span style=\"color:red; font-weight:bold;\">Materiales incluidos:<\/span><\/p>\n<p>\nM\u00e1quina de coser por alumno, prensa-telas, agujas universales 70, 80, 90\n<\/p>\n<p><span style=\"color:red; font-weight:bold;\">Materiales que tienes que traer:<\/span><\/p>\n<p>\n1.- Los patrones, tela y mercer\u00eda que necesites para los proyectos que elijas.<br \/>\nY Recuerda que si ya tienes tu propia m\u00e1quina de coser y quieres aprender con ella,<br \/>\nte la puedes traer y te ayudamos a manejarte con ella.<br \/>\nEl sistema de las m\u00e1quinas es el mismo pero cada una tiene sus peculiaridades y<br \/>\nfunciones. Tr\u00e1ela y te ense\u00f1aremos todas sus posibilidades.\n<\/p>\n<p><span style=\"color:red; font-weight:bold;\">Requisitos previos:<\/span><\/p>\n<p>\nSaber manejar la m\u00e1quina de coser y haber realizado varios proyectos de costura aunque<br \/>\nsean sencillos.\n<\/p>\n<p><span style=\"color:red; font-weight:bold;\">Asignaci\u00f3n plaza:<\/span><\/p>\n<p>\nLa plaza se asigna hasta junio incluido.\n<\/p>\n<p><span style=\"color:red; font-weight:bold; font-style:italic;\">IMPORTANTE: ANTES DE COMPRAR ESTE CURSO, escr\u00edbenos y te confirmamos si<br \/>\nhay plaza disponible en el grupo que quieres y si puedes apuntarte.<\/p>\n<p><\/span><\/p>","protected":false},"excerpt":{"rendered":"<p>Aprender\u00e1s t\u00e9cnicas b\u00e1sicas de costura como puntadas, ojales, cremalleras y remates, adem\u00e1s de trucos pr\u00e1cticos. Te familiarizar\u00e1s con distintos tejidos, su medici\u00f3n y corte. Con patrones de revistas o propios, crear\u00e1s prendas, complementos o har\u00e1s arreglos guiado en todo el proceso.<\/p>\n<p><img decoding=\"async\" src=\"https:\/\/artencost.com\/wp-content\/uploads\/2025\/10\/PDF-239x300.png\" alt=\"\" width=\"29\" height=\"36\" class=\"alignnone size-medium wp-image-468\" srcset=\"https:\/\/artencost.com\/wp-content\/uploads\/2025\/10\/PDF-239x300.png 239w, https:\/\/artencost.com\/wp-content\/uploads\/2025\/10\/PDF-816x1024.png 816w, https:\/\/artencost.com\/wp-content\/uploads\/2025\/10\/PDF-768x964.png 768w, https:\/\/artencost.com\/wp-content\/uploads\/2025\/10\/PDF-10x12.png 10w, https:\/\/artencost.com\/wp-content\/uploads\/2025\/10\/PDF-600x753.png 600w, https:\/\/artencost.com\/wp-content\/uploads\/2025\/10\/PDF.png 1080w\" sizes=\"(max-width: 29px) 100vw, 29px\" \/><br \/>\n<a href=\"https:\/\/artencost.com\/wp-content\/uploads\/2025\/10\/5-contratacion-condiciones-generales.pdf\" target=\"_blank\" rel=\"noopener noreferrer\" class=\"btn\"><br \/>\n  Condiciones Generales de Contrataci\u00f3n<br \/>\n<\/a><\/p>\n<style>\n.btn {\n  display: inline-flex;\n  align-items: center;        \/* centraliza verticalmente *\/\n  justify-content: center;    \/* centraliza horizontalmente *\/\n  height: 10px;               \/* altura fixa *\/\n  padding: 4px 16px 20px;\n  border-radius: 6px;\n  font-family: Arial, sans-serif;\n  font-size: 15px;\n  font-weight: 700;\n  line-height: 1.2;             \/* impede espa\u00e7o extra *\/\n  text-decoration: none;\n  border: 1px solid #2b6cb0;\n  background: #3182ce;\n  color: #fff;\n  cursor: pointer;\n  transition: background .2s;\n  vertical-align: middle;\n}<\/p>\n<p>.btn:hover {\n  background: #2b6cb0;\n}\n<\/style>\n<p><a href=\"https:\/\/artencost.com\/wp-content\/uploads\/2025\/10\/4-descripcion-curso.pdf\" target=\"_blank\" rel=\"noopener noreferrer\" class=\"btn\"><br \/>\n  Descripci\u00f3n del Curso<br \/>\n<\/a><\/p>\n<style>\n.btn {\n  display: inline-flex;\n  align-items: center;        \/* centraliza verticalmente *\/\n  justify-content: center;    \/* centraliza horizontalmente *\/\n  height: 10px;               \/* altura fixa *\/\n  padding: 4px 16px 20px;\n  border-radius: 6px;\n  font-family: Arial, sans-serif;\n  font-size: 15px;\n  font-weight: 700;\n  line-height: 1.2;             \/* impede espa\u00e7o extra *\/\n  text-decoration: none;\n  border: 1px solid #2b6cb0;\n  background: #3182ce;\n  color: #fff;\n  cursor: pointer;\n  transition: background .2s;\n  vertical-align: middle;\n}<\/p>\n<p>.btn:hover {\n  background: #2b6cb0;\n}\n<\/style>","protected":false},"featured_media":251,"comment_status":"open","ping_status":"closed","template":"","meta":[],"product_brand":[],"product_cat":[30,31],"product_tag":[],"class_list":{"0":"post-438","1":"product","2":"type-product","3":"status-publish","4":"has-post-thumbnail","6":"product_cat-cursos","7":"product_cat-presencial","9":"first","10":"instock","11":"virtual","12":"sold-individually","13":"purchasable","14":"product-type-simple"},"yoast_head":"<!-- This site is optimized with the Yoast SEO plugin v27.5 - https:\/\/yoast.com\/product\/yoast-seo-wordpress\/ -->\n<title>Curso Presencial - 4 horas - ArtenCost<\/title>\n<meta name=\"robots\" content=\"index, follow, max-snippet:-1, max-image-preview:large, max-video-preview:-1\" \/>\n<link rel=\"canonical\" href=\"https:\/\/artencost.com\/eu\/produktua\/curso-presencial-4horas\/\" \/>\n<meta property=\"og:locale\" content=\"en_US\" \/>\n<meta property=\"og:type\" content=\"article\" \/>\n<meta property=\"og:title\" content=\"Curso Presencial - 4 horas - ArtenCost\" \/>\n<meta property=\"og:description\" content=\"Aprender\u00e1s t\u00e9cnicas b\u00e1sicas de costura como puntadas, ojales, cremalleras y remates, adem\u00e1s de trucos pr\u00e1cticos. Te familiarizar\u00e1s con distintos tejidos, su medici\u00f3n y corte. Con patrones de revistas o propios, crear\u00e1s prendas, complementos o har\u00e1s arreglos guiado en todo el proceso.      Condiciones Generales de Contrataci\u00f3n        Descripci\u00f3n del Curso\" \/>\n<meta property=\"og:url\" content=\"https:\/\/artencost.com\/eu\/produktua\/curso-presencial-4horas\/\" \/>\n<meta property=\"og:site_name\" content=\"ArtenCost\" \/>\n<meta property=\"article:modified_time\" content=\"2025-10-03T14:43:38+00:00\" \/>\n<meta property=\"og:image\" content=\"https:\/\/artencost.com\/wp-content\/uploads\/2025\/07\/a_modern_sewing_classroom_with_several_women_of_different_ages_smiling_and_working_at_their_sewing__31jajqrson4yqha3jt33_0.png\" \/>\n\t<meta property=\"og:image:width\" content=\"1024\" \/>\n\t<meta property=\"og:image:height\" content=\"1024\" \/>\n\t<meta property=\"og:image:type\" content=\"image\/png\" \/>\n<meta name=\"twitter:card\" content=\"summary_large_image\" \/>\n<meta name=\"twitter:label1\" content=\"Est. reading time\" \/>\n\t<meta name=\"twitter:data1\" content=\"2 minutua\" \/>\n<script type=\"application\/ld+json\" class=\"yoast-schema-graph\">{\"@context\":\"https:\\\/\\\/schema.org\",\"@graph\":[{\"@type\":\"WebPage\",\"@id\":\"https:\\\/\\\/artencost.com\\\/producto\\\/curso-presencial-4horas\\\/\",\"url\":\"https:\\\/\\\/artencost.com\\\/producto\\\/curso-presencial-4horas\\\/\",\"name\":\"Curso Presencial - 4 horas - ArtenCost\",\"isPartOf\":{\"@id\":\"https:\\\/\\\/artencost.com\\\/#website\"},\"primaryImageOfPage\":{\"@id\":\"https:\\\/\\\/artencost.com\\\/producto\\\/curso-presencial-4horas\\\/#primaryimage\"},\"image\":{\"@id\":\"https:\\\/\\\/artencost.com\\\/producto\\\/curso-presencial-4horas\\\/#primaryimage\"},\"thumbnailUrl\":\"https:\\\/\\\/artencost.com\\\/wp-content\\\/uploads\\\/2025\\\/07\\\/a_modern_sewing_classroom_with_several_women_of_different_ages_smiling_and_working_at_their_sewing__31jajqrson4yqha3jt33_0.png\",\"datePublished\":\"2025-10-03T08:19:58+00:00\",\"dateModified\":\"2025-10-03T14:43:38+00:00\",\"breadcrumb\":{\"@id\":\"https:\\\/\\\/artencost.com\\\/producto\\\/curso-presencial-4horas\\\/#breadcrumb\"},\"inLanguage\":\"eu\",\"potentialAction\":[{\"@type\":\"ReadAction\",\"target\":[\"https:\\\/\\\/artencost.com\\\/producto\\\/curso-presencial-4horas\\\/\"]}]},{\"@type\":\"ImageObject\",\"inLanguage\":\"eu\",\"@id\":\"https:\\\/\\\/artencost.com\\\/producto\\\/curso-presencial-4horas\\\/#primaryimage\",\"url\":\"https:\\\/\\\/artencost.com\\\/wp-content\\\/uploads\\\/2025\\\/07\\\/a_modern_sewing_classroom_with_several_women_of_different_ages_smiling_and_working_at_their_sewing__31jajqrson4yqha3jt33_0.png\",\"contentUrl\":\"https:\\\/\\\/artencost.com\\\/wp-content\\\/uploads\\\/2025\\\/07\\\/a_modern_sewing_classroom_with_several_women_of_different_ages_smiling_and_working_at_their_sewing__31jajqrson4yqha3jt33_0.png\",\"width\":1024,\"height\":1024},{\"@type\":\"BreadcrumbList\",\"@id\":\"https:\\\/\\\/artencost.com\\\/producto\\\/curso-presencial-4horas\\\/#breadcrumb\",\"itemListElement\":[{\"@type\":\"ListItem\",\"position\":1,\"name\":\"Portada\",\"item\":\"https:\\\/\\\/artencost.com\\\/\"},{\"@type\":\"ListItem\",\"position\":2,\"name\":\"Tienda\",\"item\":\"https:\\\/\\\/artencost.com\\\/tienda\\\/\"},{\"@type\":\"ListItem\",\"position\":3,\"name\":\"Curso Presencial &#8211; 4 horas\"}]},{\"@type\":\"WebSite\",\"@id\":\"https:\\\/\\\/artencost.com\\\/#website\",\"url\":\"https:\\\/\\\/artencost.com\\\/\",\"name\":\"ArtenCost\",\"description\":\"\",\"publisher\":{\"@id\":\"https:\\\/\\\/artencost.com\\\/#organization\"},\"potentialAction\":[{\"@type\":\"SearchAction\",\"target\":{\"@type\":\"EntryPoint\",\"urlTemplate\":\"https:\\\/\\\/artencost.com\\\/?s={search_term_string}\"},\"query-input\":{\"@type\":\"PropertyValueSpecification\",\"valueRequired\":true,\"valueName\":\"search_term_string\"}}],\"inLanguage\":\"eu\"},{\"@type\":\"Organization\",\"@id\":\"https:\\\/\\\/artencost.com\\\/#organization\",\"name\":\"ArtenCost\",\"url\":\"https:\\\/\\\/artencost.com\\\/\",\"logo\":{\"@type\":\"ImageObject\",\"inLanguage\":\"eu\",\"@id\":\"https:\\\/\\\/artencost.com\\\/#\\\/schema\\\/logo\\\/image\\\/\",\"url\":\"https:\\\/\\\/artencost.com\\\/wp-content\\\/uploads\\\/2025\\\/07\\\/cropped-Artncost-Logo_Mesa-de-trabajo-1.png\",\"contentUrl\":\"https:\\\/\\\/artencost.com\\\/wp-content\\\/uploads\\\/2025\\\/07\\\/cropped-Artncost-Logo_Mesa-de-trabajo-1.png\",\"width\":1080,\"height\":1080,\"caption\":\"ArtenCost \"},\"image\":{\"@id\":\"https:\\\/\\\/artencost.com\\\/#\\\/schema\\\/logo\\\/image\\\/\"}}]}<\/script>\n<!-- \/ Yoast SEO plugin. -->","yoast_head_json":{"title":"Curso Presencial - 4 horas - ArtenCost","robots":{"index":"index","follow":"follow","max-snippet":"max-snippet:-1","max-image-preview":"max-image-preview:large","max-video-preview":"max-video-preview:-1"},"canonical":"https:\/\/artencost.com\/eu\/produktua\/curso-presencial-4horas\/","og_locale":"en_US","og_type":"article","og_title":"Curso Presencial - 4 horas - ArtenCost","og_description":"Aprender\u00e1s t\u00e9cnicas b\u00e1sicas de costura como puntadas, ojales, cremalleras y remates, adem\u00e1s de trucos pr\u00e1cticos. Te familiarizar\u00e1s con distintos tejidos, su medici\u00f3n y corte. Con patrones de revistas o propios, crear\u00e1s prendas, complementos o har\u00e1s arreglos guiado en todo el proceso.      Condiciones Generales de Contrataci\u00f3n        Descripci\u00f3n del Curso","og_url":"https:\/\/artencost.com\/eu\/produktua\/curso-presencial-4horas\/","og_site_name":"ArtenCost","article_modified_time":"2025-10-03T14:43:38+00:00","og_image":[{"width":1024,"height":1024,"url":"https:\/\/artencost.com\/wp-content\/uploads\/2025\/07\/a_modern_sewing_classroom_with_several_women_of_different_ages_smiling_and_working_at_their_sewing__31jajqrson4yqha3jt33_0.png","type":"image\/png"}],"twitter_card":"summary_large_image","twitter_misc":{"Est. reading time":"2 minutua"},"schema":{"@context":"https:\/\/schema.org","@graph":[{"@type":"WebPage","@id":"https:\/\/artencost.com\/producto\/curso-presencial-4horas\/","url":"https:\/\/artencost.com\/producto\/curso-presencial-4horas\/","name":"Curso Presencial - 4 horas - ArtenCost","isPartOf":{"@id":"https:\/\/artencost.com\/#website"},"primaryImageOfPage":{"@id":"https:\/\/artencost.com\/producto\/curso-presencial-4horas\/#primaryimage"},"image":{"@id":"https:\/\/artencost.com\/producto\/curso-presencial-4horas\/#primaryimage"},"thumbnailUrl":"https:\/\/artencost.com\/wp-content\/uploads\/2025\/07\/a_modern_sewing_classroom_with_several_women_of_different_ages_smiling_and_working_at_their_sewing__31jajqrson4yqha3jt33_0.png","datePublished":"2025-10-03T08:19:58+00:00","dateModified":"2025-10-03T14:43:38+00:00","breadcrumb":{"@id":"https:\/\/artencost.com\/producto\/curso-presencial-4horas\/#breadcrumb"},"inLanguage":"eu","potentialAction":[{"@type":"ReadAction","target":["https:\/\/artencost.com\/producto\/curso-presencial-4horas\/"]}]},{"@type":"ImageObject","inLanguage":"eu","@id":"https:\/\/artencost.com\/producto\/curso-presencial-4horas\/#primaryimage","url":"https:\/\/artencost.com\/wp-content\/uploads\/2025\/07\/a_modern_sewing_classroom_with_several_women_of_different_ages_smiling_and_working_at_their_sewing__31jajqrson4yqha3jt33_0.png","contentUrl":"https:\/\/artencost.com\/wp-content\/uploads\/2025\/07\/a_modern_sewing_classroom_with_several_women_of_different_ages_smiling_and_working_at_their_sewing__31jajqrson4yqha3jt33_0.png","width":1024,"height":1024},{"@type":"BreadcrumbList","@id":"https:\/\/artencost.com\/producto\/curso-presencial-4horas\/#breadcrumb","itemListElement":[{"@type":"ListItem","position":1,"name":"Portada","item":"https:\/\/artencost.com\/"},{"@type":"ListItem","position":2,"name":"Tienda","item":"https:\/\/artencost.com\/tienda\/"},{"@type":"ListItem","position":3,"name":"Curso Presencial &#8211; 4 horas"}]},{"@type":"WebSite","@id":"https:\/\/artencost.com\/#website","url":"https:\/\/artencost.com\/","name":"ArtenCost","description":"","publisher":{"@id":"https:\/\/artencost.com\/#organization"},"potentialAction":[{"@type":"SearchAction","target":{"@type":"EntryPoint","urlTemplate":"https:\/\/artencost.com\/?s={search_term_string}"},"query-input":{"@type":"PropertyValueSpecification","valueRequired":true,"valueName":"search_term_string"}}],"inLanguage":"eu"},{"@type":"Organization","@id":"https:\/\/artencost.com\/#organization","name":"ArtenCost","url":"https:\/\/artencost.com\/","logo":{"@type":"ImageObject","inLanguage":"eu","@id":"https:\/\/artencost.com\/#\/schema\/logo\/image\/","url":"https:\/\/artencost.com\/wp-content\/uploads\/2025\/07\/cropped-Artncost-Logo_Mesa-de-trabajo-1.png","contentUrl":"https:\/\/artencost.com\/wp-content\/uploads\/2025\/07\/cropped-Artncost-Logo_Mesa-de-trabajo-1.png","width":1080,"height":1080,"caption":"ArtenCost "},"image":{"@id":"https:\/\/artencost.com\/#\/schema\/logo\/image\/"}}]}},"_links":{"self":[{"href":"https:\/\/artencost.com\/eu\/wp-json\/wp\/v2\/product\/438","targetHints":{"allow":["GET"]}}],"collection":[{"href":"https:\/\/artencost.com\/eu\/wp-json\/wp\/v2\/product"}],"about":[{"href":"https:\/\/artencost.com\/eu\/wp-json\/wp\/v2\/types\/product"}],"replies":[{"embeddable":true,"href":"https:\/\/artencost.com\/eu\/wp-json\/wp\/v2\/comments?post=438"}],"wp:featuredmedia":[{"embeddable":true,"href":"https:\/\/artencost.com\/eu\/wp-json\/wp\/v2\/media\/251"}],"wp:attachment":[{"href":"https:\/\/artencost.com\/eu\/wp-json\/wp\/v2\/media?parent=438"}],"wp:term":[{"taxonomy":"product_brand","embeddable":true,"href":"https:\/\/artencost.com\/eu\/wp-json\/wp\/v2\/product_brand?post=438"},{"taxonomy":"product_cat","embeddable":true,"href":"https:\/\/artencost.com\/eu\/wp-json\/wp\/v2\/product_cat?post=438"},{"taxonomy":"product_tag","embeddable":true,"href":"https:\/\/artencost.com\/eu\/wp-json\/wp\/v2\/product_tag?post=438"}],"curies":[{"name":"wp","href":"https:\/\/api.w.org\/{rel}","templated":true}]}}